{"id":10157,"date":"2021-07-08T10:52:13","date_gmt":"2021-07-08T09:52:13","guid":{"rendered":"https:\/\/vertexcad.com\/se\/?page_id=10157"},"modified":"2021-07-09T14:54:04","modified_gmt":"2021-07-09T13:54:04","slug":"cad-program","status":"publish","type":"page","link":"https:\/\/vertexcad.com\/se\/cad-program\/","title":{"rendered":"CAD Program"},"content":{"rendered":"<p>[et_pb_section fb_built=&#8221;1&#8243; _builder_version=&#8221;3.22.3&#8243;][et_pb_row _builder_version=&#8221;3.25&#8243;][et_pb_column type=&#8221;4_4&#8243; _builder_version=&#8221;3.25&#8243; custom_padding=&#8221;|||&#8221; custom_padding__hover=&#8221;|||&#8221;][et_pb_text admin_label=&#8221;Text&#8221; _builder_version=&#8221;4.7.7&#8243;]<\/p>\n<h1 style=\"text-align: center\"><strong>CAD program<\/strong><\/h1>\n<p>&nbsp;<\/p>\n<p style=\"text-align: center\">CAD \u00e4r en revolutionerande teknik inom design, som har f\u00f6r\u00e4ndrat f\u00f6ruts\u00e4ttningarna f\u00f6r m\u00e4ngder av industrier och branscher. Oavsett anv\u00e4ndningsomr\u00e5de kommer din verksamhet att gynnas av Vertex CAD plattform, den mest kundanpassningsbara BIM-mjukvaran p\u00e5 marknaden. Inom ramen f\u00f6r v\u00e5rt CAD program digitaliserar vi v\u00e5ra kunders s\u00e4tt att bygga, vilket skapar stor flexibilitet d\u00e5 varje projekt dokumenteras digitalt. V\u00e5ra l\u00f6sningar inom CAD baseras p\u00e5 en anpassningsbar mjukvara och databasarkitektur med flexibla verktyg. Vertex BD \u00e4r en professionell CAD mjukvara f\u00f6r byggdesign, som automatiserar processer inom arkitektur och konstruktion.<\/p>\n<p>&nbsp;<\/p>\n<p>[\/et_pb_text][et_pb_image src=&#8221;https:\/\/vertexcad.com\/se\/wp-content\/uploads\/sites\/6\/2021\/07\/cadvertexbd.png&#8221; title_text=&#8221;cadvertexbd&#8221; align_tablet=&#8221;center&#8221; align_phone=&#8221;&#8221; align_last_edited=&#8221;on|desktop&#8221; _builder_version=&#8221;4.7.7&#8243;][\/et_pb_image][\/et_pb_column][\/et_pb_row][et_pb_row _builder_version=&#8221;3.25&#8243;][et_pb_column type=&#8221;4_4&#8243; _builder_version=&#8221;3.25&#8243; custom_padding=&#8221;|||&#8221; custom_padding__hover=&#8221;|||&#8221;][et_pb_text _builder_version=&#8221;4.7.7&#8243; hover_enabled=&#8221;0&#8243; sticky_enabled=&#8221;0&#8243;]<\/p>\n<h2>CAD Program f\u00f6r 3D-ritningar<\/h2>\n<p>Om du \u00e4r ute efter ett effektivt s\u00e4tt att rita 3D-ritningar s\u00e5 \u00e4r Vertex BDs CAD program det ultimata verktyget. Att anv\u00e4nda sig av ett CAD program \u00e4r det b\u00e4sta s\u00e4ttet f\u00f6r att snabbt komma ig\u00e5ng med 3d-modellering.<\/p>\n<p>&nbsp;<\/p>\n<h2>F\u00f6rdelar med CAD:<\/h2>\n<ul>\n<li>\u00a0 M\u00f6jligg\u00f6r f\u00f6r \u00e5teranv\u00e4ndning av olika designelement<\/li>\n<li>\u00a0 Erbjuder smidiga \u00e4ndringar av ritningar inom arkitektur och konstruktion<\/li>\n<li>\u00a0 Ger verklighetstrogna simuleringar av objekt inom design utan prototyper<\/li>\n<li>\u00a0 Ritningar kan integreras med databasprogram<\/li>\n<\/ul>\n<p>&nbsp;<\/p>\n<h2>Vad \u00e4r CAD?<\/h2>\n<p>Cad st\u00e5r f\u00f6r Computer-aided Design (Datorst\u00f6dd konstruktion p\u00e5 svenska), vilket innefattar digital design med utformningar av ritningar inom exempelvis konstruktion och arkitektur. I 40 \u00e5r har Vertex Systems levererat CAD mjukvara av h\u00f6gsta kvalitet till byggnadsindustrin, n\u00e5got som genererat allt fr\u00e5n mindre hus till skyskrapor. CAD sparar tid och pengar i andra delar av en produkt eller en byggnads skapelseprocess, genom m\u00f6jligheten att anv\u00e4nda Computer-Aided Manufacturing (CAM). Det finns flera anledningar till att m\u00e5nga f\u00f6retag v\u00e4ljer att dra nytta av kraften bakom CAD, s\u00e5som \u00f6kad produktivitet av stora volymer.<\/p>\n<p>&nbsp;<\/p>\n<h2>Vad anv\u00e4nds CAD till?<\/h2>\n<p>CAD m\u00f6jligg\u00f6r exempelvis f\u00f6r snabba och smidiga f\u00f6r\u00e4ndringar i olika former av designprocessen, vilket sparar dyrbar tid f\u00f6r dig och ditt f\u00f6retag. CAD \u00e4r d\u00e4rf\u00f6r ett mycket p\u00e5litligt hj\u00e4lpmedel f\u00f6r arkitekter och personal inom byggsektorn. En annan f\u00f6rdel med CAD \u00e4r m\u00f6jligheten att ta fram arkitektoniska planer genom automatiserade ritningar. Automatiseringen springer ur CAD programvara, d\u00e4r digitala representationer av tredimensionella strukturer hos olika objekt kan tas fram. CAD g\u00e5r ocks\u00e5 under ben\u00e4mningen datorst\u00f6dd konstruktion p\u00e5 svenska. Som namnet antyder har CAD tekniken naturligtvis f\u00f6ljt den digitala utvecklingen i revolutionerande hastighet. Och d\u00e4r \u00e4r Vertex CAD system v\u00e4rldsledande. Vertex BD \u00e4r ett CAD program som skapar m\u00f6jligheter att ro iland projekt snabbare, exaktare och inom ramen f\u00f6r er budget \u2013 oavsett anv\u00e4ndningsomr\u00e5de.<\/p>\n<p>&nbsp;<\/p>\n<h2>Vad \u00e4r BIM?<\/h2>\n<p>BIM st\u00e5r f\u00f6r Building Information Modeling ( Byggnadsinformationsmodellering p\u00e5 svenska) och liknar CAD men anv\u00e4nds mest inom byggbranschen. N\u00e4r det g\u00e4ller BIM s\u00e5 talas det ofta om BIM-modeller, som \u00e4r en virtuell modell av verkligheten. Arkitekter \u00e4r en yrkesgrupp som flitigt anv\u00e4nder sig av BIM.<\/p>\n<p>[\/et_pb_text][\/et_pb_column][\/et_pb_row][\/et_pb_section]<\/p>\n","protected":false},"excerpt":{"rendered":"<p>CAD program &nbsp; CAD \u00e4r en revolutionerande teknik inom design, som har f\u00f6r\u00e4ndrat f\u00f6ruts\u00e4ttningarna f\u00f6r m\u00e4ngder av industrier och branscher. Oavsett anv\u00e4ndningsomr\u00e5de kommer din verksamhet att gynnas av Vertex CAD plattform, den mest kundanpassningsbara BIM-mjukvaran p\u00e5 marknaden. Inom ramen f\u00f6r v\u00e5rt CAD program digitaliserar vi v\u00e5ra kunders s\u00e4tt att bygga, vilket skapar stor flexibilitet d\u00e5 [&hellip;]<\/p>\n","protected":false},"author":11,"featured_media":0,"parent":0,"menu_order":0,"comment_status":"closed","ping_status":"closed","template":"","meta":{"_et_pb_use_builder":"on","_et_pb_old_content":"","_et_gb_content_width":""},"yoast_head":"<!-- This site is optimized with the Yoast SEO plugin v18.6 - https:\/\/yoast.com\/wordpress\/plugins\/seo\/ -->\n<title>CAD program fr\u00e5n Vertex CAD Software Sverige!\u30102021\u3011<\/title>\n<meta name=\"description\" content=\"Om du \u00e4r ute efter ett effektivt s\u00e4tt att rita 3D-ritningar s\u00e5 \u00e4r Vertex BDs CAD program det ultimata verktyget L\u00e4s mer h\u00e4r!\" \/>\n<meta name=\"robots\" content=\"index, follow, max-snippet:-1, max-image-preview:large, max-video-preview:-1\" \/>\n<link rel=\"canonical\" href=\"https:\/\/vertexcad.com\/se\/cad-program\/\" \/>\n<meta property=\"og:locale\" content=\"en_US\" \/>\n<meta property=\"og:type\" content=\"article\" \/>\n<meta property=\"og:title\" content=\"CAD program fr\u00e5n Vertex CAD Software Sverige!\u30102021\u3011\" \/>\n<meta property=\"og:description\" content=\"Om du \u00e4r ute efter ett effektivt s\u00e4tt att rita 3D-ritningar s\u00e5 \u00e4r Vertex BDs CAD program det ultimata verktyget L\u00e4s mer h\u00e4r!\" \/>\n<meta property=\"og:url\" content=\"https:\/\/vertexcad.com\/se\/cad-program\/\" \/>\n<meta property=\"og:site_name\" content=\"Vertex BD Software Sverige\" \/>\n<meta property=\"article:publisher\" content=\"http:\/\/www.facebook.com\/VertexSystemsInternational\" \/>\n<meta property=\"article:modified_time\" content=\"2021-07-09T13:54:04+00:00\" \/>\n<meta name=\"twitter:card\" content=\"summary_large_image\" \/>\n<meta name=\"twitter:site\" content=\"@VertexSysIntl\" \/>\n<meta name=\"twitter:label1\" content=\"Est. reading time\" \/>\n\t<meta name=\"twitter:data1\" content=\"2 minutes\" \/>\n<script type=\"application\/ld+json\" class=\"yoast-schema-graph\">{\"@context\":\"https:\/\/schema.org\",\"@graph\":[{\"@type\":\"Organization\",\"@id\":\"https:\/\/vertexcad.com\/se\/#organization\",\"name\":\"Vertex Systems\",\"url\":\"https:\/\/vertexcad.com\/se\/\",\"sameAs\":[\"http:\/\/www.facebook.com\/VertexSystemsInternational\",\"https:\/\/www.linkedin.com\/company\/vertexsystemssweden\/\",\"https:\/\/www.youtube.com\/c\/VertexBDBuildingDesignSoftware\",\"https:\/\/twitter.com\/VertexSysIntl\"],\"logo\":{\"@type\":\"ImageObject\",\"@id\":\"https:\/\/vertexcad.com\/se\/#logo\",\"inLanguage\":\"en-US\",\"url\":\"https:\/\/vertexcad.com\/se\/wp-content\/uploads\/sites\/6\/2020\/02\/VERTEXlogo_with_margins.jpg\",\"contentUrl\":\"https:\/\/vertexcad.com\/se\/wp-content\/uploads\/sites\/6\/2020\/02\/VERTEXlogo_with_margins.jpg\",\"width\":1400,\"height\":500,\"caption\":\"Vertex Systems\"},\"image\":{\"@id\":\"https:\/\/vertexcad.com\/se\/#logo\"}},{\"@type\":\"WebSite\",\"@id\":\"https:\/\/vertexcad.com\/se\/#website\",\"url\":\"https:\/\/vertexcad.com\/se\/\",\"name\":\"Vertex BD Software Sverige\",\"description\":\"Vertex BD - Ledande BIM Mjukvara f\u00f6r Tr\u00e4husindustrin\",\"publisher\":{\"@id\":\"https:\/\/vertexcad.com\/se\/#organization\"},\"potentialAction\":[{\"@type\":\"SearchAction\",\"target\":{\"@type\":\"EntryPoint\",\"urlTemplate\":\"https:\/\/vertexcad.com\/se\/?s={search_term_string}\"},\"query-input\":\"required name=search_term_string\"}],\"inLanguage\":\"en-US\"},{\"@type\":\"WebPage\",\"@id\":\"https:\/\/vertexcad.com\/se\/cad-program\/#webpage\",\"url\":\"https:\/\/vertexcad.com\/se\/cad-program\/\",\"name\":\"CAD program fr\u00e5n Vertex CAD Software Sverige!\u30102021\u3011\",\"isPartOf\":{\"@id\":\"https:\/\/vertexcad.com\/se\/#website\"},\"datePublished\":\"2021-07-08T09:52:13+00:00\",\"dateModified\":\"2021-07-09T13:54:04+00:00\",\"description\":\"Om du \u00e4r ute efter ett effektivt s\u00e4tt att rita 3D-ritningar s\u00e5 \u00e4r Vertex BDs CAD program det ultimata verktyget L\u00e4s mer h\u00e4r!\",\"breadcrumb\":{\"@id\":\"https:\/\/vertexcad.com\/se\/cad-program\/#breadcrumb\"},\"inLanguage\":\"en-US\",\"potentialAction\":[{\"@type\":\"ReadAction\",\"target\":[\"https:\/\/vertexcad.com\/se\/cad-program\/\"]}]},{\"@type\":\"BreadcrumbList\",\"@id\":\"https:\/\/vertexcad.com\/se\/cad-program\/#breadcrumb\",\"itemListElement\":[{\"@type\":\"ListItem\",\"position\":1,\"name\":\"Home\",\"item\":\"https:\/\/vertexcad.com\/se\/\"},{\"@type\":\"ListItem\",\"position\":2,\"name\":\"CAD Program\"}]}]}<\/script>\n<!-- \/ Yoast SEO plugin. -->","yoast_head_json":{"title":"CAD program fr\u00e5n Vertex CAD Software Sverige!\u30102021\u3011","description":"Om du \u00e4r ute efter ett effektivt s\u00e4tt att rita 3D-ritningar s\u00e5 \u00e4r Vertex BDs CAD program det ultimata verktyget L\u00e4s mer h\u00e4r!","robots":{"index":"index","follow":"follow","max-snippet":"max-snippet:-1","max-image-preview":"max-image-preview:large","max-video-preview":"max-video-preview:-1"},"canonical":"https:\/\/vertexcad.com\/se\/cad-program\/","og_locale":"en_US","og_type":"article","og_title":"CAD program fr\u00e5n Vertex CAD Software Sverige!\u30102021\u3011","og_description":"Om du \u00e4r ute efter ett effektivt s\u00e4tt att rita 3D-ritningar s\u00e5 \u00e4r Vertex BDs CAD program det ultimata verktyget L\u00e4s mer h\u00e4r!","og_url":"https:\/\/vertexcad.com\/se\/cad-program\/","og_site_name":"Vertex BD Software Sverige","article_publisher":"http:\/\/www.facebook.com\/VertexSystemsInternational","article_modified_time":"2021-07-09T13:54:04+00:00","twitter_card":"summary_large_image","twitter_site":"@VertexSysIntl","twitter_misc":{"Est. reading time":"2 minutes"},"schema":{"@context":"https:\/\/schema.org","@graph":[{"@type":"Organization","@id":"https:\/\/vertexcad.com\/se\/#organization","name":"Vertex Systems","url":"https:\/\/vertexcad.com\/se\/","sameAs":["http:\/\/www.facebook.com\/VertexSystemsInternational","https:\/\/www.linkedin.com\/company\/vertexsystemssweden\/","https:\/\/www.youtube.com\/c\/VertexBDBuildingDesignSoftware","https:\/\/twitter.com\/VertexSysIntl"],"logo":{"@type":"ImageObject","@id":"https:\/\/vertexcad.com\/se\/#logo","inLanguage":"en-US","url":"https:\/\/vertexcad.com\/se\/wp-content\/uploads\/sites\/6\/2020\/02\/VERTEXlogo_with_margins.jpg","contentUrl":"https:\/\/vertexcad.com\/se\/wp-content\/uploads\/sites\/6\/2020\/02\/VERTEXlogo_with_margins.jpg","width":1400,"height":500,"caption":"Vertex Systems"},"image":{"@id":"https:\/\/vertexcad.com\/se\/#logo"}},{"@type":"WebSite","@id":"https:\/\/vertexcad.com\/se\/#website","url":"https:\/\/vertexcad.com\/se\/","name":"Vertex BD Software Sverige","description":"Vertex BD - Ledande BIM Mjukvara f\u00f6r Tr\u00e4husindustrin","publisher":{"@id":"https:\/\/vertexcad.com\/se\/#organization"},"potentialAction":[{"@type":"SearchAction","target":{"@type":"EntryPoint","urlTemplate":"https:\/\/vertexcad.com\/se\/?s={search_term_string}"},"query-input":"required name=search_term_string"}],"inLanguage":"en-US"},{"@type":"WebPage","@id":"https:\/\/vertexcad.com\/se\/cad-program\/#webpage","url":"https:\/\/vertexcad.com\/se\/cad-program\/","name":"CAD program fr\u00e5n Vertex CAD Software Sverige!\u30102021\u3011","isPartOf":{"@id":"https:\/\/vertexcad.com\/se\/#website"},"datePublished":"2021-07-08T09:52:13+00:00","dateModified":"2021-07-09T13:54:04+00:00","description":"Om du \u00e4r ute efter ett effektivt s\u00e4tt att rita 3D-ritningar s\u00e5 \u00e4r Vertex BDs CAD program det ultimata verktyget L\u00e4s mer h\u00e4r!","breadcrumb":{"@id":"https:\/\/vertexcad.com\/se\/cad-program\/#breadcrumb"},"inLanguage":"en-US","potentialAction":[{"@type":"ReadAction","target":["https:\/\/vertexcad.com\/se\/cad-program\/"]}]},{"@type":"BreadcrumbList","@id":"https:\/\/vertexcad.com\/se\/cad-program\/#breadcrumb","itemListElement":[{"@type":"ListItem","position":1,"name":"Home","item":"https:\/\/vertexcad.com\/se\/"},{"@type":"ListItem","position":2,"name":"CAD Program"}]}]}},"_links":{"self":[{"href":"https:\/\/vertexcad.com\/se\/wp-json\/wp\/v2\/pages\/10157"}],"collection":[{"href":"https:\/\/vertexcad.com\/se\/wp-json\/wp\/v2\/pages"}],"about":[{"href":"https:\/\/vertexcad.com\/se\/wp-json\/wp\/v2\/types\/page"}],"author":[{"embeddable":true,"href":"https:\/\/vertexcad.com\/se\/wp-json\/wp\/v2\/users\/11"}],"replies":[{"embeddable":true,"href":"https:\/\/vertexcad.com\/se\/wp-json\/wp\/v2\/comments?post=10157"}],"version-history":[{"count":8,"href":"https:\/\/vertexcad.com\/se\/wp-json\/wp\/v2\/pages\/10157\/revisions"}],"predecessor-version":[{"id":10169,"href":"https:\/\/vertexcad.com\/se\/wp-json\/wp\/v2\/pages\/10157\/revisions\/10169"}],"wp:attachment":[{"href":"https:\/\/vertexcad.com\/se\/wp-json\/wp\/v2\/media?parent=10157"}],"curies":[{"name":"wp","href":"https:\/\/api.w.org\/{rel}","templated":true}]}}