{"id":10729,"date":"2024-10-25T07:58:33","date_gmt":"2024-10-25T06:58:33","guid":{"rendered":"https:\/\/vertexcad.com\/se\/?page_id=10729"},"modified":"2024-10-25T10:01:47","modified_gmt":"2024-10-25T09:01:47","slug":"kop","status":"publish","type":"page","link":"https:\/\/vertexcad.com\/se\/kop\/","title":{"rendered":"K\u00f6p"},"content":{"rendered":"<p>[et_pb_section fb_built=&#8221;1&#8243; admin_label=&#8221;section&#8221; _builder_version=&#8221;4.16&#8243; global_colors_info=&#8221;{}&#8221;][et_pb_row column_structure=&#8221;1_2,1_2&#8243; make_equal=&#8221;on&#8221; _builder_version=&#8221;4.19.5&#8243; _module_preset=&#8221;default&#8221; custom_padding=&#8221;|30px||30px|false|false&#8221; global_colors_info=&#8221;{}&#8221;][et_pb_column type=&#8221;1_2&#8243; _builder_version=&#8221;4.17.1&#8243; _module_preset=&#8221;default&#8221; global_colors_info=&#8221;{}&#8221;][et_pb_text _builder_version=&#8221;4.19.5&#8243; _module_preset=&#8221;default&#8221; global_colors_info=&#8221;{}&#8221;]<\/p>\n<h1 style=\"text-align: center;\">K\u00f6p fr\u00e5n en lokal \u00e5terf\u00f6rs\u00e4ljare<\/h1>\n<p>[\/et_pb_text][et_pb_icon font_icon=&#8221;&#xf5a0;||fa||900&#8243; icon_color=&#8221;#E09900&#8243; _builder_version=&#8221;4.17.1&#8243; _module_preset=&#8221;default&#8221; global_colors_info=&#8221;{}&#8221;][\/et_pb_icon][et_pb_text _builder_version=&#8221;4.19.5&#8243; _module_preset=&#8221;default&#8221; global_colors_info=&#8221;{}&#8221;]<\/p>\n<p style=\"text-align: center;\">Beg\u00e4r en offert f\u00f6r licenser, utbildning, konsulttj\u00e4nster och andra tj\u00e4nster.<\/p>\n<p>[\/et_pb_text][et_pb_button button_url=&#8221;https:\/\/vertexcad.com\/se\/kontakta-oss\/&#8221; button_text=&#8221;Beg\u00e4r offert&#8221; button_alignment=&#8221;center&#8221; _builder_version=&#8221;4.19.5&#8243; _module_preset=&#8221;default&#8221; global_colors_info=&#8221;{}&#8221;][\/et_pb_button][\/et_pb_column][et_pb_column type=&#8221;1_2&#8243; _builder_version=&#8221;4.17.1&#8243; _module_preset=&#8221;default&#8221; global_colors_info=&#8221;{}&#8221;][et_pb_text _builder_version=&#8221;4.19.5&#8243; _module_preset=&#8221;default&#8221; global_colors_info=&#8221;{}&#8221;]<\/p>\n<h1 style=\"text-align: center;\">K\u00f6p online\u00a0<\/h1>\n<p>[\/et_pb_text][et_pb_icon font_icon=&#8221;&#xf07a;||fa||900&#8243; icon_color=&#8221;#E09900&#8243; _builder_version=&#8221;4.17.1&#8243; _module_preset=&#8221;default&#8221; global_colors_info=&#8221;{}&#8221;][\/et_pb_icon][et_pb_text _builder_version=&#8221;4.19.5&#8243; _module_preset=&#8221;default&#8221; global_colors_info=&#8221;{}&#8221;]<\/p>\n<p style=\"text-align: center;\">Prenumerera och kom ig\u00e5ng direkt med MyVertex.<\/p>\n<p>[\/et_pb_text][et_pb_button button_url=&#8221;https:\/\/my.vertex.fi\/&#8221; button_text=&#8221;K\u00f6p Vertex&#8221; button_alignment=&#8221;center&#8221; _builder_version=&#8221;4.19.5&#8243; _module_preset=&#8221;default&#8221; hover_enabled=&#8221;0&#8243; global_colors_info=&#8221;{}&#8221; sticky_enabled=&#8221;0&#8243;][\/et_pb_button][\/et_pb_column][\/et_pb_row][\/et_pb_section]<\/p>\n","protected":false},"excerpt":{"rendered":"<p>K\u00f6p fr\u00e5n en lokal \u00e5terf\u00f6rs\u00e4ljareBeg\u00e4r en offert f\u00f6r licenser, utbildning, konsulttj\u00e4nster och andra tj\u00e4nster.K\u00f6p online\u00a0Prenumerera och kom ig\u00e5ng direkt med MyVertex.<\/p>\n","protected":false},"author":2,"featured_media":14,"parent":0,"menu_order":0,"comment_status":"closed","ping_status":"closed","template":"","meta":{"_et_pb_use_builder":"on","_et_pb_old_content":"","_et_gb_content_width":""},"yoast_head":"<!-- This site is optimized with the Yoast SEO plugin v18.6 - https:\/\/yoast.com\/wordpress\/plugins\/seo\/ -->\n<title>Priser - Vertex BD Software Sverige<\/title>\n<meta name=\"robots\" content=\"index, follow, max-snippet:-1, max-image-preview:large, max-video-preview:-1\" \/>\n<link rel=\"canonical\" href=\"https:\/\/vertexcad.com\/se\/kop\/\" \/>\n<meta property=\"og:locale\" content=\"en_US\" \/>\n<meta property=\"og:type\" content=\"article\" \/>\n<meta property=\"og:title\" content=\"Priser - Vertex BD Software Sverige\" \/>\n<meta property=\"og:description\" content=\"K\u00f6p fr\u00e5n en lokal \u00e5terf\u00f6rs\u00e4ljareBeg\u00e4r en offert f\u00f6r licenser, utbildning, konsulttj\u00e4nster och andra tj\u00e4nster.K\u00f6p online\u00a0Prenumerera och kom ig\u00e5ng direkt med MyVertex.\" \/>\n<meta property=\"og:url\" content=\"https:\/\/vertexcad.com\/se\/kop\/\" \/>\n<meta property=\"og:site_name\" content=\"Vertex BD Software Sverige\" \/>\n<meta property=\"article:publisher\" content=\"http:\/\/www.facebook.com\/VertexSystemsInternational\" \/>\n<meta property=\"article:modified_time\" content=\"2024-10-25T09:01:47+00:00\" \/>\n<meta property=\"og:image\" content=\"https:\/\/vertexcad.com\/se\/wp-content\/uploads\/sites\/6\/2019\/10\/cropped-bd-logo.png\" \/>\n\t<meta property=\"og:image:width\" content=\"512\" \/>\n\t<meta property=\"og:image:height\" content=\"512\" \/>\n\t<meta property=\"og:image:type\" content=\"image\/png\" \/>\n<meta name=\"twitter:card\" content=\"summary_large_image\" \/>\n<meta name=\"twitter:site\" content=\"@VertexSysIntl\" \/>\n<meta name=\"twitter:label1\" content=\"Est. reading time\" \/>\n\t<meta name=\"twitter:data1\" content=\"1 minute\" \/>\n<script type=\"application\/ld+json\" class=\"yoast-schema-graph\">{\"@context\":\"https:\/\/schema.org\",\"@graph\":[{\"@type\":\"Organization\",\"@id\":\"https:\/\/vertexcad.com\/se\/#organization\",\"name\":\"Vertex Systems\",\"url\":\"https:\/\/vertexcad.com\/se\/\",\"sameAs\":[\"http:\/\/www.facebook.com\/VertexSystemsInternational\",\"https:\/\/www.linkedin.com\/company\/vertexsystemssweden\/\",\"https:\/\/www.youtube.com\/c\/VertexBDBuildingDesignSoftware\",\"https:\/\/twitter.com\/VertexSysIntl\"],\"logo\":{\"@type\":\"ImageObject\",\"@id\":\"https:\/\/vertexcad.com\/se\/#logo\",\"inLanguage\":\"en-US\",\"url\":\"https:\/\/vertexcad.com\/se\/wp-content\/uploads\/sites\/6\/2020\/02\/VERTEXlogo_with_margins.jpg\",\"contentUrl\":\"https:\/\/vertexcad.com\/se\/wp-content\/uploads\/sites\/6\/2020\/02\/VERTEXlogo_with_margins.jpg\",\"width\":1400,\"height\":500,\"caption\":\"Vertex Systems\"},\"image\":{\"@id\":\"https:\/\/vertexcad.com\/se\/#logo\"}},{\"@type\":\"WebSite\",\"@id\":\"https:\/\/vertexcad.com\/se\/#website\",\"url\":\"https:\/\/vertexcad.com\/se\/\",\"name\":\"Vertex BD Software Sverige\",\"description\":\"Vertex BD - Ledande BIM Mjukvara f\u00f6r Tr\u00e4husindustrin\",\"publisher\":{\"@id\":\"https:\/\/vertexcad.com\/se\/#organization\"},\"potentialAction\":[{\"@type\":\"SearchAction\",\"target\":{\"@type\":\"EntryPoint\",\"urlTemplate\":\"https:\/\/vertexcad.com\/se\/?s={search_term_string}\"},\"query-input\":\"required name=search_term_string\"}],\"inLanguage\":\"en-US\"},{\"@type\":\"ImageObject\",\"@id\":\"https:\/\/vertexcad.com\/se\/kop\/#primaryimage\",\"inLanguage\":\"en-US\",\"url\":\"https:\/\/vertexcad.com\/se\/wp-content\/uploads\/sites\/6\/2019\/10\/cropped-bd-logo.png\",\"contentUrl\":\"https:\/\/vertexcad.com\/se\/wp-content\/uploads\/sites\/6\/2019\/10\/cropped-bd-logo.png\",\"width\":512,\"height\":512,\"caption\":\"Vertex bd\"},{\"@type\":\"WebPage\",\"@id\":\"https:\/\/vertexcad.com\/se\/kop\/#webpage\",\"url\":\"https:\/\/vertexcad.com\/se\/kop\/\",\"name\":\"Priser - Vertex BD Software Sverige\",\"isPartOf\":{\"@id\":\"https:\/\/vertexcad.com\/se\/#website\"},\"primaryImageOfPage\":{\"@id\":\"https:\/\/vertexcad.com\/se\/kop\/#primaryimage\"},\"datePublished\":\"2024-10-25T06:58:33+00:00\",\"dateModified\":\"2024-10-25T09:01:47+00:00\",\"breadcrumb\":{\"@id\":\"https:\/\/vertexcad.com\/se\/kop\/#breadcrumb\"},\"inLanguage\":\"en-US\",\"potentialAction\":[{\"@type\":\"ReadAction\",\"target\":[\"https:\/\/vertexcad.com\/se\/kop\/\"]}]},{\"@type\":\"BreadcrumbList\",\"@id\":\"https:\/\/vertexcad.com\/se\/kop\/#breadcrumb\",\"itemListElement\":[{\"@type\":\"ListItem\",\"position\":1,\"name\":\"Home\",\"item\":\"https:\/\/vertexcad.com\/se\/\"},{\"@type\":\"ListItem\",\"position\":2,\"name\":\"K\u00f6p\"}]}]}<\/script>\n<!-- \/ Yoast SEO plugin. -->","yoast_head_json":{"title":"Priser - Vertex BD Software Sverige","robots":{"index":"index","follow":"follow","max-snippet":"max-snippet:-1","max-image-preview":"max-image-preview:large","max-video-preview":"max-video-preview:-1"},"canonical":"https:\/\/vertexcad.com\/se\/kop\/","og_locale":"en_US","og_type":"article","og_title":"Priser - Vertex BD Software Sverige","og_description":"K\u00f6p fr\u00e5n en lokal \u00e5terf\u00f6rs\u00e4ljareBeg\u00e4r en offert f\u00f6r licenser, utbildning, konsulttj\u00e4nster och andra tj\u00e4nster.K\u00f6p online\u00a0Prenumerera och kom ig\u00e5ng direkt med MyVertex.","og_url":"https:\/\/vertexcad.com\/se\/kop\/","og_site_name":"Vertex BD Software Sverige","article_publisher":"http:\/\/www.facebook.com\/VertexSystemsInternational","article_modified_time":"2024-10-25T09:01:47+00:00","og_image":[{"width":512,"height":512,"url":"https:\/\/vertexcad.com\/se\/wp-content\/uploads\/sites\/6\/2019\/10\/cropped-bd-logo.png","type":"image\/png"}],"twitter_card":"summary_large_image","twitter_site":"@VertexSysIntl","twitter_misc":{"Est. reading time":"1 minute"},"schema":{"@context":"https:\/\/schema.org","@graph":[{"@type":"Organization","@id":"https:\/\/vertexcad.com\/se\/#organization","name":"Vertex Systems","url":"https:\/\/vertexcad.com\/se\/","sameAs":["http:\/\/www.facebook.com\/VertexSystemsInternational","https:\/\/www.linkedin.com\/company\/vertexsystemssweden\/","https:\/\/www.youtube.com\/c\/VertexBDBuildingDesignSoftware","https:\/\/twitter.com\/VertexSysIntl"],"logo":{"@type":"ImageObject","@id":"https:\/\/vertexcad.com\/se\/#logo","inLanguage":"en-US","url":"https:\/\/vertexcad.com\/se\/wp-content\/uploads\/sites\/6\/2020\/02\/VERTEXlogo_with_margins.jpg","contentUrl":"https:\/\/vertexcad.com\/se\/wp-content\/uploads\/sites\/6\/2020\/02\/VERTEXlogo_with_margins.jpg","width":1400,"height":500,"caption":"Vertex Systems"},"image":{"@id":"https:\/\/vertexcad.com\/se\/#logo"}},{"@type":"WebSite","@id":"https:\/\/vertexcad.com\/se\/#website","url":"https:\/\/vertexcad.com\/se\/","name":"Vertex BD Software Sverige","description":"Vertex BD - Ledande BIM Mjukvara f\u00f6r Tr\u00e4husindustrin","publisher":{"@id":"https:\/\/vertexcad.com\/se\/#organization"},"potentialAction":[{"@type":"SearchAction","target":{"@type":"EntryPoint","urlTemplate":"https:\/\/vertexcad.com\/se\/?s={search_term_string}"},"query-input":"required name=search_term_string"}],"inLanguage":"en-US"},{"@type":"ImageObject","@id":"https:\/\/vertexcad.com\/se\/kop\/#primaryimage","inLanguage":"en-US","url":"https:\/\/vertexcad.com\/se\/wp-content\/uploads\/sites\/6\/2019\/10\/cropped-bd-logo.png","contentUrl":"https:\/\/vertexcad.com\/se\/wp-content\/uploads\/sites\/6\/2019\/10\/cropped-bd-logo.png","width":512,"height":512,"caption":"Vertex bd"},{"@type":"WebPage","@id":"https:\/\/vertexcad.com\/se\/kop\/#webpage","url":"https:\/\/vertexcad.com\/se\/kop\/","name":"Priser - Vertex BD Software Sverige","isPartOf":{"@id":"https:\/\/vertexcad.com\/se\/#website"},"primaryImageOfPage":{"@id":"https:\/\/vertexcad.com\/se\/kop\/#primaryimage"},"datePublished":"2024-10-25T06:58:33+00:00","dateModified":"2024-10-25T09:01:47+00:00","breadcrumb":{"@id":"https:\/\/vertexcad.com\/se\/kop\/#breadcrumb"},"inLanguage":"en-US","potentialAction":[{"@type":"ReadAction","target":["https:\/\/vertexcad.com\/se\/kop\/"]}]},{"@type":"BreadcrumbList","@id":"https:\/\/vertexcad.com\/se\/kop\/#breadcrumb","itemListElement":[{"@type":"ListItem","position":1,"name":"Home","item":"https:\/\/vertexcad.com\/se\/"},{"@type":"ListItem","position":2,"name":"K\u00f6p"}]}]}},"_links":{"self":[{"href":"https:\/\/vertexcad.com\/se\/wp-json\/wp\/v2\/pages\/10729"}],"collection":[{"href":"https:\/\/vertexcad.com\/se\/wp-json\/wp\/v2\/pages"}],"about":[{"href":"https:\/\/vertexcad.com\/se\/wp-json\/wp\/v2\/types\/page"}],"author":[{"embeddable":true,"href":"https:\/\/vertexcad.com\/se\/wp-json\/wp\/v2\/users\/2"}],"replies":[{"embeddable":true,"href":"https:\/\/vertexcad.com\/se\/wp-json\/wp\/v2\/comments?post=10729"}],"version-history":[{"count":5,"href":"https:\/\/vertexcad.com\/se\/wp-json\/wp\/v2\/pages\/10729\/revisions"}],"predecessor-version":[{"id":10738,"href":"https:\/\/vertexcad.com\/se\/wp-json\/wp\/v2\/pages\/10729\/revisions\/10738"}],"wp:featuredmedia":[{"embeddable":true,"href":"https:\/\/vertexcad.com\/se\/wp-json\/wp\/v2\/media\/14"}],"wp:attachment":[{"href":"https:\/\/vertexcad.com\/se\/wp-json\/wp\/v2\/media?parent=10729"}],"curies":[{"name":"wp","href":"https:\/\/api.w.org\/{rel}","templated":true}]}}