{"id":32,"date":"2019-10-16T07:36:11","date_gmt":"2019-10-16T07:36:11","guid":{"rendered":"https:\/\/vertexcad.com\/web2\/se\/?page_id=32"},"modified":"2025-01-10T13:29:25","modified_gmt":"2025-01-10T12:29:25","slug":"vertex-bd","status":"publish","type":"page","link":"https:\/\/vertexcad.com\/se\/","title":{"rendered":"Hem"},"content":{"rendered":"<p>[et_pb_section fb_built=&#8221;1&#8243; fullwidth=&#8221;on&#8221; _builder_version=&#8221;4.16&#8243; animation_style=&#8221;slide&#8221; animation_direction=&#8221;top&#8221; animation_intensity_slide=&#8221;2%&#8221; animation_starting_opacity=&#8221;100%&#8221; global_colors_info=&#8221;{}&#8221;][et_pb_fullwidth_header title=&#8221;Vertex BD &#8221; subhead=&#8221;BIM mjukvara f\u00f6r byggbranchen&#8221; button_one_text=&#8221;Testa gratis h\u00e4r&#8221; button_one_url=&#8221;https:\/\/vertexcad.com\/bd\/free-trial\/&#8221; button_two_text=&#8221;Boka en demo&#8221; button_two_url=&#8221;https:\/\/vertexcad.com\/se\/kontakta-oss\/&#8221; content_max_width=&#8221;700px&#8221; _builder_version=&#8221;4.19.5&#8243; title_font=&#8221;|300|||||||&#8221; title_font_size=&#8221;23px&#8221; content_font=&#8221;||||||||&#8221; content_font_size=&#8221;18px&#8221; content_line_height=&#8221;1.3em&#8221; subhead_font=&#8221;||||||||&#8221; subhead_text_align=&#8221;left&#8221; subhead_font_size=&#8221;30px&#8221; subhead_line_height=&#8221;1.4em&#8221; background_color=&#8221;rgba(255,255,255,0)&#8221; use_background_color_gradient=&#8221;on&#8221; background_color_gradient_direction=&#8221;99deg&#8221; background_color_gradient_stops=&#8221;rgba(0,0,0,0.74) 21%|rgba(0,0,0,0) 66%&#8221; background_color_gradient_overlays_image=&#8221;on&#8221; background_color_gradient_start=&#8221;rgba(0,0,0,0.74)&#8221; background_color_gradient_start_position=&#8221;21%&#8221; background_color_gradient_end=&#8221;rgba(0,0,0,0)&#8221; background_color_gradient_end_position=&#8221;66%&#8221; background_image=&#8221;https:\/\/vertexcad.com\/se\/wp-content\/uploads\/sites\/6\/2021\/12\/Vertex-BD-background.jpg&#8221; background_video_mp4=&#8221;https:\/\/vertexcad.com\/se\/wp-content\/uploads\/sites\/6\/2021\/12\/Main-loop-2.mp4&#8243; custom_button_one=&#8221;on&#8221; button_one_bg_color=&#8221;rgba(224,43,32,0.75)&#8221; button_one_font=&#8221;|300|||||||&#8221; button_one_use_icon=&#8221;off&#8221; custom_button_two=&#8221;on&#8221; button_two_bg_color=&#8221;rgba(224,43,32,0.75)&#8221; button_two_font=&#8221;|300|||||||&#8221; button_two_use_icon=&#8221;off&#8221; custom_margin=&#8221;|||&#8221; custom_padding=&#8221;5%||7.3%|||&#8221; child_filter_brightness=&#8221;49%&#8221; link_option_url_new_window=&#8221;on&#8221; title_font_size_tablet=&#8221;&#8221; title_font_size_phone=&#8221;20px&#8221; title_font_size_last_edited=&#8221;on|desktop&#8221; background_last_edited=&#8221;on|phone&#8221; background_image_phone=&#8221;https:\/\/vertexcad.com\/se\/wp-content\/uploads\/sites\/6\/2024\/12\/Vertex-BD-Main1.jpg&#8221; background_enable_image_phone=&#8221;on&#8221; background_size_phone=&#8221;cover&#8221; background_position_phone=&#8221;top_left&#8221; background_enable_video_mp4_phone=&#8221;off&#8221; title_text_shadow_style=&#8221;preset3&#8243; title_text_shadow_horizontal_length=&#8221;0.06em&#8221; title_text_shadow_vertical_length=&#8221;0.06em&#8221; title_text_shadow_blur_strength=&#8221;0em&#8221; title_text_shadow_color=&#8221;#000000&#8243; subhead_text_shadow_style=&#8221;preset2&#8243; subhead_text_shadow_color=&#8221;#000000&#8243; box_shadow_style=&#8221;preset2&#8243; text_shadow_style=&#8221;preset2&#8243; button_one_letter_spacing_hover=&#8221;1px&#8221; button_two_letter_spacing_hover=&#8221;1px&#8221; global_colors_info=&#8221;{}&#8221; button_one_text_size__hover_enabled=&#8221;off&#8221; button_two_text_size__hover_enabled=&#8221;off&#8221; button_one_text_color__hover_enabled=&#8221;off&#8221; button_two_text_color__hover_enabled=&#8221;off&#8221; button_one_border_width__hover_enabled=&#8221;off&#8221; button_two_border_width__hover_enabled=&#8221;off&#8221; button_one_border_color__hover_enabled=&#8221;off&#8221; button_two_border_color__hover_enabled=&#8221;off&#8221; button_one_border_radius__hover_enabled=&#8221;off&#8221; button_two_border_radius__hover_enabled=&#8221;off&#8221; button_one_letter_spacing__hover_enabled=&#8221;on&#8221; button_one_letter_spacing__hover=&#8221;0px&#8221; button_two_letter_spacing__hover_enabled=&#8221;on&#8221; button_two_letter_spacing__hover=&#8221;0px&#8221; button_one_bg_color__hover_enabled=&#8221;off&#8221; button_two_bg_color__hover_enabled=&#8221;off&#8221;]<\/p>\n<p>Automatiserad konstruktionsgenerering av byggnader.<\/p>\n<p>&nbsp;<\/p>\n<p>&nbsp;<\/p>\n<p>&nbsp;<\/p>\n<p>&nbsp;<\/p>\n<p>&nbsp;<\/p>\n<p>&nbsp;<\/p>\n<p>&nbsp;<\/p>\n<p>&nbsp;<\/p>\n<p>&nbsp;<\/p>\n<p>&nbsp;<\/p>\n<p>&nbsp;<\/p>\n<p>&nbsp;<\/p>\n<p>&nbsp;<\/p>\n<p>&nbsp;<\/p>\n<p>[\/et_pb_fullwidth_header][\/et_pb_section][et_pb_section fb_built=&#8221;1&#8243; _builder_version=&#8221;4.16&#8243; global_colors_info=&#8221;{}&#8221;][et_pb_row _builder_version=&#8221;4.16&#8243; global_colors_info=&#8221;{}&#8221;][et_pb_column type=&#8221;4_4&#8243; _builder_version=&#8221;4.16&#8243; custom_padding=&#8221;|||&#8221; global_colors_info=&#8221;{}&#8221; custom_padding__hover=&#8221;|||&#8221;][et_pb_text admin_label=&#8221;Text&#8221; _builder_version=&#8221;4.16&#8243; global_colors_info=&#8221;{}&#8221;]<\/p>\n<h2 style=\"text-align: center\">Vertex BD &#8211; Ledande BIM Mjukvara f\u00f6r Tr\u00e4husindustrin<\/h2>\n<p>[\/et_pb_text][\/et_pb_column][\/et_pb_row][et_pb_row column_structure=&#8221;1_2,1_2&#8243; make_equal=&#8221;on&#8221; module_class=&#8221; et_pb_row_fullwidth&#8221; _builder_version=&#8221;4.16&#8243; width=&#8221;89%&#8221; width_tablet=&#8221;80%&#8221; width_phone=&#8221;&#8221; width_last_edited=&#8221;on|desktop&#8221; max_width=&#8221;89%&#8221; max_width_tablet=&#8221;80%&#8221; max_width_phone=&#8221;&#8221; max_width_last_edited=&#8221;on|desktop&#8221; module_alignment=&#8221;center&#8221; custom_margin=&#8221;|||&#8221; custom_css_main_element=&#8221;display: -webkit-box;||display: -moz-box;||display: -ms-flexbox;||display: -webkit-flex;||display: flex;||-webkit-flex-wrap: wrap; \/* Safari 6.1+ *\/||flex-wrap: wrap;&#8221; make_fullwidth=&#8221;on&#8221; global_colors_info=&#8221;{}&#8221;][et_pb_column type=&#8221;1_2&#8243; _builder_version=&#8221;4.16&#8243; custom_padding=&#8221;|||&#8221; custom_css_main_element=&#8221;||margin: auto;||-webkit-order: 2;||order: 2;&#8221; global_colors_info=&#8221;{}&#8221; custom_padding__hover=&#8221;|||&#8221;][et_pb_code _builder_version=&#8221;4.19.5&#8243; _module_preset=&#8221;default&#8221; global_colors_info=&#8221;{}&#8221;]<iframe loading=\"lazy\" width=\"560\" height=\"315\" src=\"https:\/\/www.youtube-nocookie.com\/embed\/6hmPh2iA88w?si=N_gUZj7XsrfGMpDE\" title=\"YouTube video player\" frameborder=\"0\" allow=\"accelerometer; autoplay; clipboard-write; encrypted-media; gyroscope; picture-in-picture; web-share\" allowfullscreen><\/iframe>[\/et_pb_code][\/et_pb_column][et_pb_column type=&#8221;1_2&#8243; _builder_version=&#8221;4.16&#8243; custom_padding=&#8221;|||&#8221; custom_css_main_element=&#8221;margin: auto;||-webkit-order: 1;||order: 1;&#8221; global_colors_info=&#8221;{}&#8221; custom_padding__hover=&#8221;|||&#8221;][et_pb_text content_tablet=&#8221;<\/p>\n<h2>Smartare mjukvara. B\u00e4ttre resultat.<\/h2>\n<p>\u00a0<\/p>\n<p>Vertex BD \u00e4r en professionell mjukvara f\u00f6r byggdesign, som automatiserar dina arkitekt- och konstruktionsprocesser.<\/p>\n<p>Den bygger p\u00e5 automatiserade verktyg, som utf\u00f6r de m\u00e5nga repetitiva uppgifterna i byggprocessen, och p\u00e5 s\u00e5 vis minskar arbetsb\u00f6rdan f\u00f6r personalen.<\/p>\n<p>Vertex BD skapar v\u00e4rde f\u00f6r b\u00e5de stora och sm\u00e5 akt\u00f6rer.<\/p>\n<p>\u00a0<\/p>\n<p>&#8221; content_phone=&#8221;<\/p>\n<p>Vertex BD \u00e4r en professionell mjukvara f\u00f6r byggdesign, som automatiserar dina arkitekt- och konstruktionsprocesser.<\/p>\n<p>Den bygger p\u00e5 automatiserade verktyg, som utf\u00f6r de m\u00e5nga repetitiva uppgifterna i byggprocessen, och p\u00e5 s\u00e5 vis minskar arbetsb\u00f6rdan f\u00f6r personalen.<\/p>\n<p>Vertex BD skapar v\u00e4rde f\u00f6r b\u00e5de stora och sm\u00e5 akt\u00f6rer.<\/p>\n<p>\u00a0<\/p>\n<p>&#8221; content_last_edited=&#8221;on|phone&#8221; _builder_version=&#8221;4.19.5&#8243; text_font=&#8221;||||||||&#8221; header_font=&#8221;||||||||&#8221; header_text_align=&#8221;left&#8221; custom_padding=&#8221;|||&#8221; global_colors_info=&#8221;{}&#8221;]<\/p>\n<h2>Smartare mjukvara. B\u00e4ttre resultat.<\/h2>\n<p>&nbsp;<\/p>\n<p>Vertex BD \u00e4r en professionell mjukvara f\u00f6r byggdesign, som automatiserar dina arkitekt- och konstruktionsprocesser.<\/p>\n<p>Den bygger p\u00e5 automatiserade verktyg, som utf\u00f6r de m\u00e5nga repetitiva uppgifterna i byggprocessen, och p\u00e5 s\u00e5 vis minskar arbetsb\u00f6rdan f\u00f6r personalen.<\/p>\n<p>Vertex BD skapar v\u00e4rde f\u00f6r b\u00e5de stora och sm\u00e5 akt\u00f6rer.<\/p>\n<p>&nbsp;<\/p>\n<p>[\/et_pb_text][\/et_pb_column][\/et_pb_row][\/et_pb_section][et_pb_section fb_built=&#8221;1&#8243; _builder_version=&#8221;4.16&#8243; background_color=&#8221;#f9f9f9&#8243; global_colors_info=&#8221;{}&#8221;][et_pb_row column_structure=&#8221;1_2,1_2&#8243; make_equal=&#8221;on&#8221; module_class=&#8221; et_pb_row_fullwidth&#8221; _builder_version=&#8221;4.19.5&#8243; width=&#8221;89%&#8221; width_tablet=&#8221;80%&#8221; width_phone=&#8221;&#8221; width_last_edited=&#8221;on|desktop&#8221; max_width=&#8221;89%&#8221; max_width_tablet=&#8221;80%&#8221; max_width_phone=&#8221;&#8221; max_width_last_edited=&#8221;on|desktop&#8221; module_alignment=&#8221;center&#8221; custom_margin=&#8221;|||&#8221; make_fullwidth=&#8221;on&#8221; global_colors_info=&#8221;{}&#8221;][et_pb_column type=&#8221;1_2&#8243; _builder_version=&#8221;4.16&#8243; custom_padding=&#8221;|||&#8221; custom_css_main_element=&#8221;margin: auto;&#8221; global_colors_info=&#8221;{}&#8221; custom_padding__hover=&#8221;|||&#8221;][et_pb_text _builder_version=&#8221;4.16&#8243; text_font=&#8221;||||||||&#8221; header_font=&#8221;||||||||&#8221; header_text_align=&#8221;left&#8221; custom_padding=&#8221;|||&#8221; global_colors_info=&#8221;{}&#8221;]<\/p>\n<h2>\u00a0<\/h2>\n<h2>Vad \u00e4r Vertex BD?<\/h2>\n<p>Vertex BD \u00e4r en ledande byggnadsinformationsmodell (BIM) -mjukvara f\u00f6r byggande av bost\u00e4der.\u00a0 Arkitekter, projekt\u00f6rer, ingenj\u00f6rer och konstrukt\u00f6rer anv\u00e4nder Vertex f\u00f6r att effektivisera hela byggprocessen. Fr\u00e5n arkitektur till tillverkningen.<\/p>\n<p>Vertex BD mjukvara \u00e4r speciellt utformad f\u00f6r:<\/p>\n<ul>\n<li><a href=\"https:\/\/vertexcad.com\/se\/bygga-hus\/prefab\/\">Prefabricerad hustillverkning<\/a>, byggnation av l\u00f6svirkeshus samt kundanpassad byggnation.<\/li>\n<li>Genererar byggnadens konstruktion med 100% automation.<\/li>\n<li>Arkitekt- och konstruktionsritningar, produktionsritningar, materialrapporter, tillverkningsdata och marknadsf\u00f6ringsunderlag fr\u00e5n en och samma byggnadsmodell.<\/li>\n<\/ul>\n<p>Vertex BD kan anv\u00e4ndas f\u00f6r b\u00e5de tr\u00e4- och st\u00e5lkonstruktion.<\/p>\n<p>[\/et_pb_text][et_pb_text admin_label=&#8221;Text&#8221; _builder_version=&#8221;4.19.5&#8243; hover_enabled=&#8221;0&#8243; global_colors_info=&#8221;{}&#8221; sticky_enabled=&#8221;0&#8243;]<\/p>\n<p><a href=\"https:\/\/vertexcad.com\/bd\/\" target=\"_blank\" rel=\"noopener noreferrer\"><strong>L\u00e4s mera p\u00e5 Vertex BD engelska produktsidor<\/strong><\/a><\/p>\n<p>[\/et_pb_text][\/et_pb_column][et_pb_column type=&#8221;1_2&#8243; _builder_version=&#8221;4.19.5&#8243; custom_padding=&#8221;|||&#8221; custom_css_main_element=&#8221;margin: auto;&#8221; global_colors_info=&#8221;{}&#8221; custom_padding__hover=&#8221;|||&#8221;][et_pb_image src=&#8221;https:\/\/vertexcad.com\/se\/wp-content\/uploads\/sites\/6\/2024\/12\/Vertex-BD-Swe-R1.jpg&#8221; alt=&#8221;Vertex BD timber framed house&#8221; title_text=&#8221;Vertex BD project&#8221; align_tablet=&#8221;center&#8221; align_phone=&#8221;&#8221; align_last_edited=&#8221;on|desktop&#8221; _builder_version=&#8221;4.19.5&#8243; global_colors_info=&#8221;{}&#8221;][\/et_pb_image][\/et_pb_column][\/et_pb_row][\/et_pb_section][et_pb_section fb_built=&#8221;1&#8243; _builder_version=&#8221;4.16&#8243; global_colors_info=&#8221;{}&#8221;][et_pb_row column_structure=&#8221;1_5,3_5,1_5&#8243; make_equal=&#8221;on&#8221; module_class=&#8221; et_pb_row_fullwidth&#8221; _builder_version=&#8221;4.16&#8243; width=&#8221;89%&#8221; width_tablet=&#8221;80%&#8221; width_phone=&#8221;&#8221; width_last_edited=&#8221;on|desktop&#8221; max_width=&#8221;89%&#8221; max_width_tablet=&#8221;80%&#8221; max_width_phone=&#8221;&#8221; max_width_last_edited=&#8221;on|desktop&#8221; module_alignment=&#8221;center&#8221; custom_margin=&#8221;|||&#8221; make_fullwidth=&#8221;on&#8221; global_colors_info=&#8221;{}&#8221;][et_pb_column type=&#8221;1_5&#8243; _builder_version=&#8221;4.16&#8243; custom_padding=&#8221;|||&#8221; global_colors_info=&#8221;{}&#8221; custom_padding__hover=&#8221;|||&#8221;][\/et_pb_column][et_pb_column type=&#8221;3_5&#8243; _builder_version=&#8221;4.16&#8243; custom_padding=&#8221;|||&#8221; custom_css_main_element=&#8221;margin: auto;&#8221; global_colors_info=&#8221;{}&#8221; custom_padding__hover=&#8221;|||&#8221;][et_pb_text _builder_version=&#8221;4.16&#8243; global_colors_info=&#8221;{}&#8221;]<\/p>\n<h2 style=\"text-align: left\">Vertex BD hj\u00e4lper dig att:<b><br \/> <\/b><\/h2>\n<ul>\n<li style=\"text-align: left\">Skapa exakta modeller och ritningar.\u00a0<\/li>\n<li style=\"text-align: left\">Se till att allt st\u00e4mmer innan du b\u00f6rjar att producera. \u00a0<\/li>\n<li style=\"text-align: left\">Hantera \u00e4ndringar och uppdateringar av dokument automatiskt.\u00a0<\/li>\n<li style=\"text-align: left\">Generera precitionsriktiga layouter och produktionsritningar, kaplistor och visualiseringar fr\u00e5n BIM-modellen. \u00a0<\/li>\n<li style=\"text-align: left\">Generera CNC-filer med information till maskinerna i produktionen. \u00a0<\/li>\n<li style=\"text-align: left\">Samverka med andra mjukvaror.\u00a0<\/li>\n<li style=\"text-align: left\">Utbyta information om projekt med arkitekter, ingenj\u00f6rer, konstrukt\u00f6rer, produktionsteam och kunder.\u00a0<\/li>\n<\/ul>\n<p>[\/et_pb_text][et_pb_image src=&#8221;https:\/\/vertexcad.com\/se\/wp-content\/uploads\/sites\/6\/2019\/10\/gallery.jpg&#8221; align=&#8221;center&#8221; align_tablet=&#8221;center&#8221; align_phone=&#8221;&#8221; align_last_edited=&#8221;on|desktop&#8221; admin_label=&#8221;Image&#8221; _builder_version=&#8221;4.16&#8243; global_colors_info=&#8221;{}&#8221;][\/et_pb_image][\/et_pb_column][et_pb_column type=&#8221;1_5&#8243; _builder_version=&#8221;4.16&#8243; custom_padding=&#8221;|||&#8221; global_colors_info=&#8221;{}&#8221; custom_padding__hover=&#8221;|||&#8221;][\/et_pb_column][\/et_pb_row][\/et_pb_section]<\/p>\n","protected":false},"excerpt":{"rendered":"<p>Automatiserad konstruktionsgenerering av byggnader. &nbsp; &nbsp; &nbsp; &nbsp; &nbsp; &nbsp; &nbsp; &nbsp; &nbsp; &nbsp; &nbsp; &nbsp; &nbsp; &nbsp;Vertex BD &#8211; Ledande BIM Mjukvara f\u00f6r Tr\u00e4husindustrinSmartare mjukvara. B\u00e4ttre resultat. &nbsp; Vertex BD \u00e4r en professionell mjukvara f\u00f6r byggdesign, som automatiserar dina arkitekt- och konstruktionsprocesser. Den bygger p\u00e5 automatiserade verktyg, som utf\u00f6r de m\u00e5nga repetitiva uppgifterna i [&hellip;]<\/p>\n","protected":false},"author":2,"featured_media":0,"parent":0,"menu_order":0,"comment_status":"closed","ping_status":"closed","template":"","meta":{"_et_pb_use_builder":"on","_et_pb_old_content":"","_et_gb_content_width":""},"yoast_head":"<!-- This site is optimized with the Yoast SEO plugin v18.6 - https:\/\/yoast.com\/wordpress\/plugins\/seo\/ -->\n<title>Vertex BD - BIM-mjukvara f\u00f6r byggindustrin\u30102021\u3011<\/title>\n<meta name=\"description\" content=\"Vertex BD \u00e4r en professionell mjukvara f\u00f6r byggdesign, som automatiserar dina arkitekt- och konstruktionsprocesser.\" \/>\n<meta name=\"robots\" content=\"index, follow, max-snippet:-1, max-image-preview:large, max-video-preview:-1\" \/>\n<link rel=\"canonical\" href=\"https:\/\/vertexcad.com\/se\/\" \/>\n<meta property=\"og:locale\" content=\"en_US\" \/>\n<meta property=\"og:type\" content=\"article\" \/>\n<meta property=\"og:title\" content=\"Vertex BD - BIM-mjukvara f\u00f6r byggindustrin\u30102021\u3011\" \/>\n<meta property=\"og:description\" content=\"Vertex BD \u00e4r en professionell mjukvara f\u00f6r byggdesign, som automatiserar dina arkitekt- och konstruktionsprocesser.\" \/>\n<meta property=\"og:url\" content=\"https:\/\/vertexcad.com\/se\/\" \/>\n<meta property=\"og:site_name\" content=\"Vertex BD Software Sverige\" \/>\n<meta property=\"article:publisher\" content=\"http:\/\/www.facebook.com\/VertexSystemsInternational\" \/>\n<meta property=\"article:modified_time\" content=\"2025-01-10T12:29:25+00:00\" \/>\n<meta name=\"twitter:card\" content=\"summary_large_image\" \/>\n<meta name=\"twitter:site\" content=\"@VertexSysIntl\" \/>\n<meta name=\"twitter:label1\" content=\"Est. reading time\" \/>\n\t<meta name=\"twitter:data1\" content=\"7 minutes\" \/>\n<script type=\"application\/ld+json\" class=\"yoast-schema-graph\">{\"@context\":\"https:\/\/schema.org\",\"@graph\":[{\"@type\":\"Organization\",\"@id\":\"https:\/\/vertexcad.com\/se\/#organization\",\"name\":\"Vertex Systems\",\"url\":\"https:\/\/vertexcad.com\/se\/\",\"sameAs\":[\"http:\/\/www.facebook.com\/VertexSystemsInternational\",\"https:\/\/www.linkedin.com\/company\/vertexsystemssweden\/\",\"https:\/\/www.youtube.com\/c\/VertexBDBuildingDesignSoftware\",\"https:\/\/twitter.com\/VertexSysIntl\"],\"logo\":{\"@type\":\"ImageObject\",\"@id\":\"https:\/\/vertexcad.com\/se\/#logo\",\"inLanguage\":\"en-US\",\"url\":\"https:\/\/vertexcad.com\/se\/wp-content\/uploads\/sites\/6\/2020\/02\/VERTEXlogo_with_margins.jpg\",\"contentUrl\":\"https:\/\/vertexcad.com\/se\/wp-content\/uploads\/sites\/6\/2020\/02\/VERTEXlogo_with_margins.jpg\",\"width\":1400,\"height\":500,\"caption\":\"Vertex Systems\"},\"image\":{\"@id\":\"https:\/\/vertexcad.com\/se\/#logo\"}},{\"@type\":\"WebSite\",\"@id\":\"https:\/\/vertexcad.com\/se\/#website\",\"url\":\"https:\/\/vertexcad.com\/se\/\",\"name\":\"Vertex BD Software Sverige\",\"description\":\"Vertex BD - Ledande BIM Mjukvara f\u00f6r Tr\u00e4husindustrin\",\"publisher\":{\"@id\":\"https:\/\/vertexcad.com\/se\/#organization\"},\"potentialAction\":[{\"@type\":\"SearchAction\",\"target\":{\"@type\":\"EntryPoint\",\"urlTemplate\":\"https:\/\/vertexcad.com\/se\/?s={search_term_string}\"},\"query-input\":\"required name=search_term_string\"}],\"inLanguage\":\"en-US\"},{\"@type\":\"WebPage\",\"@id\":\"https:\/\/vertexcad.com\/se\/#webpage\",\"url\":\"https:\/\/vertexcad.com\/se\/\",\"name\":\"Vertex BD - BIM-mjukvara f\u00f6r byggindustrin\u30102021\u3011\",\"isPartOf\":{\"@id\":\"https:\/\/vertexcad.com\/se\/#website\"},\"datePublished\":\"2019-10-16T07:36:11+00:00\",\"dateModified\":\"2025-01-10T12:29:25+00:00\",\"description\":\"Vertex BD \u00e4r en professionell mjukvara f\u00f6r byggdesign, som automatiserar dina arkitekt- och konstruktionsprocesser.\",\"breadcrumb\":{\"@id\":\"https:\/\/vertexcad.com\/se\/#breadcrumb\"},\"inLanguage\":\"en-US\",\"potentialAction\":[{\"@type\":\"ReadAction\",\"target\":[\"https:\/\/vertexcad.com\/se\/\"]}]},{\"@type\":\"BreadcrumbList\",\"@id\":\"https:\/\/vertexcad.com\/se\/#breadcrumb\",\"itemListElement\":[{\"@type\":\"ListItem\",\"position\":1,\"name\":\"Home\",\"item\":\"https:\/\/vertexcad.com\/se\/\"},{\"@type\":\"ListItem\",\"position\":2,\"name\":\"Hem\"}]}]}<\/script>\n<!-- \/ Yoast SEO plugin. -->","yoast_head_json":{"title":"Vertex BD - BIM-mjukvara f\u00f6r byggindustrin\u30102021\u3011","description":"Vertex BD \u00e4r en professionell mjukvara f\u00f6r byggdesign, som automatiserar dina arkitekt- och konstruktionsprocesser.","robots":{"index":"index","follow":"follow","max-snippet":"max-snippet:-1","max-image-preview":"max-image-preview:large","max-video-preview":"max-video-preview:-1"},"canonical":"https:\/\/vertexcad.com\/se\/","og_locale":"en_US","og_type":"article","og_title":"Vertex BD - BIM-mjukvara f\u00f6r byggindustrin\u30102021\u3011","og_description":"Vertex BD \u00e4r en professionell mjukvara f\u00f6r byggdesign, som automatiserar dina arkitekt- och konstruktionsprocesser.","og_url":"https:\/\/vertexcad.com\/se\/","og_site_name":"Vertex BD Software Sverige","article_publisher":"http:\/\/www.facebook.com\/VertexSystemsInternational","article_modified_time":"2025-01-10T12:29:25+00:00","twitter_card":"summary_large_image","twitter_site":"@VertexSysIntl","twitter_misc":{"Est. reading time":"7 minutes"},"schema":{"@context":"https:\/\/schema.org","@graph":[{"@type":"Organization","@id":"https:\/\/vertexcad.com\/se\/#organization","name":"Vertex Systems","url":"https:\/\/vertexcad.com\/se\/","sameAs":["http:\/\/www.facebook.com\/VertexSystemsInternational","https:\/\/www.linkedin.com\/company\/vertexsystemssweden\/","https:\/\/www.youtube.com\/c\/VertexBDBuildingDesignSoftware","https:\/\/twitter.com\/VertexSysIntl"],"logo":{"@type":"ImageObject","@id":"https:\/\/vertexcad.com\/se\/#logo","inLanguage":"en-US","url":"https:\/\/vertexcad.com\/se\/wp-content\/uploads\/sites\/6\/2020\/02\/VERTEXlogo_with_margins.jpg","contentUrl":"https:\/\/vertexcad.com\/se\/wp-content\/uploads\/sites\/6\/2020\/02\/VERTEXlogo_with_margins.jpg","width":1400,"height":500,"caption":"Vertex Systems"},"image":{"@id":"https:\/\/vertexcad.com\/se\/#logo"}},{"@type":"WebSite","@id":"https:\/\/vertexcad.com\/se\/#website","url":"https:\/\/vertexcad.com\/se\/","name":"Vertex BD Software Sverige","description":"Vertex BD - Ledande BIM Mjukvara f\u00f6r Tr\u00e4husindustrin","publisher":{"@id":"https:\/\/vertexcad.com\/se\/#organization"},"potentialAction":[{"@type":"SearchAction","target":{"@type":"EntryPoint","urlTemplate":"https:\/\/vertexcad.com\/se\/?s={search_term_string}"},"query-input":"required name=search_term_string"}],"inLanguage":"en-US"},{"@type":"WebPage","@id":"https:\/\/vertexcad.com\/se\/#webpage","url":"https:\/\/vertexcad.com\/se\/","name":"Vertex BD - BIM-mjukvara f\u00f6r byggindustrin\u30102021\u3011","isPartOf":{"@id":"https:\/\/vertexcad.com\/se\/#website"},"datePublished":"2019-10-16T07:36:11+00:00","dateModified":"2025-01-10T12:29:25+00:00","description":"Vertex BD \u00e4r en professionell mjukvara f\u00f6r byggdesign, som automatiserar dina arkitekt- och konstruktionsprocesser.","breadcrumb":{"@id":"https:\/\/vertexcad.com\/se\/#breadcrumb"},"inLanguage":"en-US","potentialAction":[{"@type":"ReadAction","target":["https:\/\/vertexcad.com\/se\/"]}]},{"@type":"BreadcrumbList","@id":"https:\/\/vertexcad.com\/se\/#breadcrumb","itemListElement":[{"@type":"ListItem","position":1,"name":"Home","item":"https:\/\/vertexcad.com\/se\/"},{"@type":"ListItem","position":2,"name":"Hem"}]}]}},"_links":{"self":[{"href":"https:\/\/vertexcad.com\/se\/wp-json\/wp\/v2\/pages\/32"}],"collection":[{"href":"https:\/\/vertexcad.com\/se\/wp-json\/wp\/v2\/pages"}],"about":[{"href":"https:\/\/vertexcad.com\/se\/wp-json\/wp\/v2\/types\/page"}],"author":[{"embeddable":true,"href":"https:\/\/vertexcad.com\/se\/wp-json\/wp\/v2\/users\/2"}],"replies":[{"embeddable":true,"href":"https:\/\/vertexcad.com\/se\/wp-json\/wp\/v2\/comments?post=32"}],"version-history":[{"count":44,"href":"https:\/\/vertexcad.com\/se\/wp-json\/wp\/v2\/pages\/32\/revisions"}],"predecessor-version":[{"id":10748,"href":"https:\/\/vertexcad.com\/se\/wp-json\/wp\/v2\/pages\/32\/revisions\/10748"}],"wp:attachment":[{"href":"https:\/\/vertexcad.com\/se\/wp-json\/wp\/v2\/media?parent=32"}],"curies":[{"name":"wp","href":"https:\/\/api.w.org\/{rel}","templated":true}]}}