{"id":415,"date":"2019-11-05T13:56:21","date_gmt":"2019-11-05T11:56:21","guid":{"rendered":"https:\/\/vertexcad.com\/web2\/se\/?page_id=415"},"modified":"2024-08-13T09:09:57","modified_gmt":"2024-08-13T08:09:57","slug":"bestall-nyhetsbrev","status":"publish","type":"page","link":"https:\/\/vertexcad.com\/se\/bestall-nyhetsbrev\/","title":{"rendered":"Best\u00e4ll nyhetsbrev"},"content":{"rendered":"<p>[et_pb_section fb_built=&#8221;1&#8243; _builder_version=&#8221;4.16&#8243; global_colors_info=&#8221;{}&#8221;][et_pb_row column_structure=&#8221;1_2,1_2&#8243; _builder_version=&#8221;4.16&#8243; global_colors_info=&#8221;{}&#8221;][et_pb_column type=&#8221;1_2&#8243; _builder_version=&#8221;4.16&#8243; custom_padding=&#8221;|||&#8221; global_colors_info=&#8221;{}&#8221; custom_padding__hover=&#8221;|||&#8221;][et_pb_text admin_label=&#8221;Text&#8221; _builder_version=&#8221;4.19.5&#8243; global_colors_info=&#8221;{}&#8221;]<\/p>\n<div id=\"p_p_id_56_INSTANCE_zbOVq23kVoQG_\" class=\"portlet-boundary portlet-boundary_56_ portlet-static portlet-static-end portlet-borderless portlet-journal-content \">\n<div class=\"portlet-borderless-container\">\n<div class=\"portlet-body\">\n<div class=\"journal-content-article\">\n<h2 id=\"yui_patched_v3_11_0_1_1526633254588_1216\">Best\u00e4ll v\u00e5ra nyhetsbrev!<\/h2>\n<\/div>\n<\/div>\n<\/div>\n<\/div>\n<div id=\"p_p_id_56_INSTANCE_YcNsIKXhmI2l_\" class=\"portlet-boundary portlet-boundary_56_ portlet-static portlet-static-end portlet-borderless portlet-journal-content \">\n<p>&nbsp;<\/p>\n<div class=\"portlet-borderless-container\">\n<div class=\"portlet-body\">\n<div class=\"journal-content-article\">\n<p id=\"yui_patched_v3_11_0_1_1526633327980_1211\">Som best\u00e4llare p\u00e5 Vertex-nyhetsbrev kan du f\u00e5 aktuell information om Vertex-produkter, evenemang, tj\u00e4nster, utbildning och kampanjer.<\/p>\n<\/div>\n<\/div>\n<\/div>\n<\/div>\n<p>[\/et_pb_text][et_pb_button button_url=&#8221;https:\/\/vertexcad.com\/bd\/contact-us\/#mailinglist&#8221; url_new_window=&#8221;on&#8221; button_text=&#8221;Best\u00e4ll&#8221; _builder_version=&#8221;4.19.5&#8243; _module_preset=&#8221;default&#8221; custom_button=&#8221;on&#8221; hover_enabled=&#8221;0&#8243; global_colors_info=&#8221;{}&#8221; button_use_icon=&#8221;off&#8221; sticky_enabled=&#8221;0&#8243;][\/et_pb_button][\/et_pb_column][et_pb_column type=&#8221;1_2&#8243; _builder_version=&#8221;4.16&#8243; custom_padding=&#8221;|||&#8221; global_colors_info=&#8221;{}&#8221; custom_padding__hover=&#8221;|||&#8221;][\/et_pb_column][\/et_pb_row][\/et_pb_section]<\/p>\n","protected":false},"excerpt":{"rendered":"<p>Best\u00e4ll v\u00e5ra nyhetsbrev! &nbsp; Som best\u00e4llare p\u00e5 Vertex-nyhetsbrev kan du f\u00e5 aktuell information om Vertex-produkter, evenemang, tj\u00e4nster, utbildning och kampanjer.<\/p>\n","protected":false},"author":2,"featured_media":0,"parent":0,"menu_order":0,"comment_status":"closed","ping_status":"closed","template":"","meta":{"_et_pb_use_builder":"on","_et_pb_old_content":"","_et_gb_content_width":""},"yoast_head":"<!-- This site is optimized with the Yoast SEO plugin v18.6 - https:\/\/yoast.com\/wordpress\/plugins\/seo\/ -->\n<title>Best\u00e4ll nyhetsbrev - Vertex BD Software Sverige<\/title>\n<meta name=\"description\" content=\"Vertex BD - BIM-mjukvara f\u00f6r byggindustrin\" \/>\n<meta name=\"robots\" content=\"index, follow, max-snippet:-1, max-image-preview:large, max-video-preview:-1\" \/>\n<link rel=\"canonical\" href=\"https:\/\/vertexcad.com\/se\/bestall-nyhetsbrev\/\" \/>\n<meta property=\"og:locale\" content=\"en_US\" \/>\n<meta property=\"og:type\" content=\"article\" \/>\n<meta property=\"og:title\" content=\"Best\u00e4ll nyhetsbrev - Vertex BD Software Sverige\" \/>\n<meta property=\"og:description\" content=\"Vertex BD - BIM-mjukvara f\u00f6r byggindustrin\" \/>\n<meta property=\"og:url\" content=\"https:\/\/vertexcad.com\/se\/bestall-nyhetsbrev\/\" \/>\n<meta property=\"og:site_name\" content=\"Vertex BD Software Sverige\" \/>\n<meta property=\"article:publisher\" content=\"http:\/\/www.facebook.com\/VertexSystemsInternational\" \/>\n<meta property=\"article:modified_time\" content=\"2024-08-13T08:09:57+00:00\" \/>\n<meta name=\"twitter:card\" content=\"summary_large_image\" \/>\n<meta name=\"twitter:site\" content=\"@VertexSysIntl\" \/>\n<meta name=\"twitter:label1\" content=\"Est. reading time\" \/>\n\t<meta name=\"twitter:data1\" content=\"1 minute\" \/>\n<script type=\"application\/ld+json\" class=\"yoast-schema-graph\">{\"@context\":\"https:\/\/schema.org\",\"@graph\":[{\"@type\":\"Organization\",\"@id\":\"https:\/\/vertexcad.com\/se\/#organization\",\"name\":\"Vertex Systems\",\"url\":\"https:\/\/vertexcad.com\/se\/\",\"sameAs\":[\"http:\/\/www.facebook.com\/VertexSystemsInternational\",\"https:\/\/www.linkedin.com\/company\/vertexsystemssweden\/\",\"https:\/\/www.youtube.com\/c\/VertexBDBuildingDesignSoftware\",\"https:\/\/twitter.com\/VertexSysIntl\"],\"logo\":{\"@type\":\"ImageObject\",\"@id\":\"https:\/\/vertexcad.com\/se\/#logo\",\"inLanguage\":\"en-US\",\"url\":\"https:\/\/vertexcad.com\/se\/wp-content\/uploads\/sites\/6\/2020\/02\/VERTEXlogo_with_margins.jpg\",\"contentUrl\":\"https:\/\/vertexcad.com\/se\/wp-content\/uploads\/sites\/6\/2020\/02\/VERTEXlogo_with_margins.jpg\",\"width\":1400,\"height\":500,\"caption\":\"Vertex Systems\"},\"image\":{\"@id\":\"https:\/\/vertexcad.com\/se\/#logo\"}},{\"@type\":\"WebSite\",\"@id\":\"https:\/\/vertexcad.com\/se\/#website\",\"url\":\"https:\/\/vertexcad.com\/se\/\",\"name\":\"Vertex BD Software Sverige\",\"description\":\"Vertex BD - Ledande BIM Mjukvara f\u00f6r Tr\u00e4husindustrin\",\"publisher\":{\"@id\":\"https:\/\/vertexcad.com\/se\/#organization\"},\"potentialAction\":[{\"@type\":\"SearchAction\",\"target\":{\"@type\":\"EntryPoint\",\"urlTemplate\":\"https:\/\/vertexcad.com\/se\/?s={search_term_string}\"},\"query-input\":\"required name=search_term_string\"}],\"inLanguage\":\"en-US\"},{\"@type\":\"WebPage\",\"@id\":\"https:\/\/vertexcad.com\/se\/bestall-nyhetsbrev\/#webpage\",\"url\":\"https:\/\/vertexcad.com\/se\/bestall-nyhetsbrev\/\",\"name\":\"Best\u00e4ll nyhetsbrev - Vertex BD Software Sverige\",\"isPartOf\":{\"@id\":\"https:\/\/vertexcad.com\/se\/#website\"},\"datePublished\":\"2019-11-05T11:56:21+00:00\",\"dateModified\":\"2024-08-13T08:09:57+00:00\",\"description\":\"Vertex BD - BIM-mjukvara f\u00f6r byggindustrin\",\"breadcrumb\":{\"@id\":\"https:\/\/vertexcad.com\/se\/bestall-nyhetsbrev\/#breadcrumb\"},\"inLanguage\":\"en-US\",\"potentialAction\":[{\"@type\":\"ReadAction\",\"target\":[\"https:\/\/vertexcad.com\/se\/bestall-nyhetsbrev\/\"]}]},{\"@type\":\"BreadcrumbList\",\"@id\":\"https:\/\/vertexcad.com\/se\/bestall-nyhetsbrev\/#breadcrumb\",\"itemListElement\":[{\"@type\":\"ListItem\",\"position\":1,\"name\":\"Home\",\"item\":\"https:\/\/vertexcad.com\/se\/\"},{\"@type\":\"ListItem\",\"position\":2,\"name\":\"Best\u00e4ll nyhetsbrev\"}]}]}<\/script>\n<!-- \/ Yoast SEO plugin. -->","yoast_head_json":{"title":"Best\u00e4ll nyhetsbrev - Vertex BD Software Sverige","description":"Vertex BD - BIM-mjukvara f\u00f6r byggindustrin","robots":{"index":"index","follow":"follow","max-snippet":"max-snippet:-1","max-image-preview":"max-image-preview:large","max-video-preview":"max-video-preview:-1"},"canonical":"https:\/\/vertexcad.com\/se\/bestall-nyhetsbrev\/","og_locale":"en_US","og_type":"article","og_title":"Best\u00e4ll nyhetsbrev - Vertex BD Software Sverige","og_description":"Vertex BD - BIM-mjukvara f\u00f6r byggindustrin","og_url":"https:\/\/vertexcad.com\/se\/bestall-nyhetsbrev\/","og_site_name":"Vertex BD Software Sverige","article_publisher":"http:\/\/www.facebook.com\/VertexSystemsInternational","article_modified_time":"2024-08-13T08:09:57+00:00","twitter_card":"summary_large_image","twitter_site":"@VertexSysIntl","twitter_misc":{"Est. reading time":"1 minute"},"schema":{"@context":"https:\/\/schema.org","@graph":[{"@type":"Organization","@id":"https:\/\/vertexcad.com\/se\/#organization","name":"Vertex Systems","url":"https:\/\/vertexcad.com\/se\/","sameAs":["http:\/\/www.facebook.com\/VertexSystemsInternational","https:\/\/www.linkedin.com\/company\/vertexsystemssweden\/","https:\/\/www.youtube.com\/c\/VertexBDBuildingDesignSoftware","https:\/\/twitter.com\/VertexSysIntl"],"logo":{"@type":"ImageObject","@id":"https:\/\/vertexcad.com\/se\/#logo","inLanguage":"en-US","url":"https:\/\/vertexcad.com\/se\/wp-content\/uploads\/sites\/6\/2020\/02\/VERTEXlogo_with_margins.jpg","contentUrl":"https:\/\/vertexcad.com\/se\/wp-content\/uploads\/sites\/6\/2020\/02\/VERTEXlogo_with_margins.jpg","width":1400,"height":500,"caption":"Vertex Systems"},"image":{"@id":"https:\/\/vertexcad.com\/se\/#logo"}},{"@type":"WebSite","@id":"https:\/\/vertexcad.com\/se\/#website","url":"https:\/\/vertexcad.com\/se\/","name":"Vertex BD Software Sverige","description":"Vertex BD - Ledande BIM Mjukvara f\u00f6r Tr\u00e4husindustrin","publisher":{"@id":"https:\/\/vertexcad.com\/se\/#organization"},"potentialAction":[{"@type":"SearchAction","target":{"@type":"EntryPoint","urlTemplate":"https:\/\/vertexcad.com\/se\/?s={search_term_string}"},"query-input":"required name=search_term_string"}],"inLanguage":"en-US"},{"@type":"WebPage","@id":"https:\/\/vertexcad.com\/se\/bestall-nyhetsbrev\/#webpage","url":"https:\/\/vertexcad.com\/se\/bestall-nyhetsbrev\/","name":"Best\u00e4ll nyhetsbrev - Vertex BD Software Sverige","isPartOf":{"@id":"https:\/\/vertexcad.com\/se\/#website"},"datePublished":"2019-11-05T11:56:21+00:00","dateModified":"2024-08-13T08:09:57+00:00","description":"Vertex BD - BIM-mjukvara f\u00f6r byggindustrin","breadcrumb":{"@id":"https:\/\/vertexcad.com\/se\/bestall-nyhetsbrev\/#breadcrumb"},"inLanguage":"en-US","potentialAction":[{"@type":"ReadAction","target":["https:\/\/vertexcad.com\/se\/bestall-nyhetsbrev\/"]}]},{"@type":"BreadcrumbList","@id":"https:\/\/vertexcad.com\/se\/bestall-nyhetsbrev\/#breadcrumb","itemListElement":[{"@type":"ListItem","position":1,"name":"Home","item":"https:\/\/vertexcad.com\/se\/"},{"@type":"ListItem","position":2,"name":"Best\u00e4ll nyhetsbrev"}]}]}},"_links":{"self":[{"href":"https:\/\/vertexcad.com\/se\/wp-json\/wp\/v2\/pages\/415"}],"collection":[{"href":"https:\/\/vertexcad.com\/se\/wp-json\/wp\/v2\/pages"}],"about":[{"href":"https:\/\/vertexcad.com\/se\/wp-json\/wp\/v2\/types\/page"}],"author":[{"embeddable":true,"href":"https:\/\/vertexcad.com\/se\/wp-json\/wp\/v2\/users\/2"}],"replies":[{"embeddable":true,"href":"https:\/\/vertexcad.com\/se\/wp-json\/wp\/v2\/comments?post=415"}],"version-history":[{"count":16,"href":"https:\/\/vertexcad.com\/se\/wp-json\/wp\/v2\/pages\/415\/revisions"}],"predecessor-version":[{"id":10726,"href":"https:\/\/vertexcad.com\/se\/wp-json\/wp\/v2\/pages\/415\/revisions\/10726"}],"wp:attachment":[{"href":"https:\/\/vertexcad.com\/se\/wp-json\/wp\/v2\/media?parent=415"}],"curies":[{"name":"wp","href":"https:\/\/api.w.org\/{rel}","templated":true}]}}