{"id":64,"date":"2019-10-16T07:47:03","date_gmt":"2019-10-16T07:47:03","guid":{"rendered":"https:\/\/vertexcad.com\/web2\/se\/?page_id=64"},"modified":"2024-05-30T08:27:19","modified_gmt":"2024-05-30T07:27:19","slug":"om-vertex-systems","status":"publish","type":"page","link":"https:\/\/vertexcad.com\/se\/om-vertex-systems\/","title":{"rendered":"Om oss"},"content":{"rendered":"<p>[et_pb_section fb_built=&#8221;1&#8243; _builder_version=&#8221;4.16&#8243; global_colors_info=&#8221;{}&#8221;][et_pb_row _builder_version=&#8221;4.16&#8243; global_colors_info=&#8221;{}&#8221;][et_pb_column type=&#8221;4_4&#8243; _builder_version=&#8221;4.16&#8243; custom_padding=&#8221;|||&#8221; global_colors_info=&#8221;{}&#8221; custom_padding__hover=&#8221;|||&#8221;][et_pb_text admin_label=&#8221;Text&#8221; _builder_version=&#8221;4.16&#8243; global_colors_info=&#8221;{}&#8221;]<\/p>\n<h2 style=\"padding-left: 90px\">Vertex Systems Sweden. Din lokala leverant\u00f6r av Vertex BD.<\/h2>\n<p style=\"padding-left: 60px\">I 40 \u00e5r har finska Vertex Systems levererat en h\u00f6gkvalitativ CAD-mjukvara till byggnadsindustrin, allt fr\u00e5n produktion av sm\u00e5hus till stora h\u00f6ghus.<\/p>\n<p style=\"padding-left: 240px\">Vertex filial i Sverige startade 2018 f\u00f6r att b\u00e4ttre betj\u00e4na de svenska kunderna lokalt.<\/p>\n<p>[\/et_pb_text][et_pb_image src=&#8221;https:\/\/vertexcad.com\/se\/wp-content\/uploads\/sites\/6\/2023\/02\/Vertex_world_02_2023_transparent_bkg1.png&#8221; title_text=&#8221;Vertex World&#8221; align_tablet=&#8221;center&#8221; align_phone=&#8221;&#8221; align_last_edited=&#8221;on|desktop&#8221; _builder_version=&#8221;4.19.5&#8243; hover_enabled=&#8221;0&#8243; global_colors_info=&#8221;{}&#8221; sticky_enabled=&#8221;0&#8243;][\/et_pb_image][et_pb_text _builder_version=&#8221;4.16&#8243; global_colors_info=&#8221;{}&#8221;]<\/p>\n<div class=\"txtNew\" id=\"comp-jo5nmg9r\" data-min-height=\"53\" data-packed=\"false\">\n<p>Vi hj\u00e4lper byggindustrin att effektivisera och utveckla sina processer genom att automatisera produktdesign, informationshantering, tillverknings- och byggprocesser.<\/p>\n<\/div>\n<p>[\/et_pb_text][\/et_pb_column][\/et_pb_row][et_pb_row _builder_version=&#8221;4.16&#8243; global_colors_info=&#8221;{}&#8221;][et_pb_column type=&#8221;4_4&#8243; _builder_version=&#8221;4.16&#8243; custom_padding=&#8221;|||&#8221; global_colors_info=&#8221;{}&#8221; custom_padding__hover=&#8221;|||&#8221;][et_pb_text _builder_version=&#8221;4.16&#8243; global_colors_info=&#8221;{}&#8221;]<\/p>\n<div class=\"journal-content-article\">\n<hgroup class=\"section-title\">\n<h2 style=\"text-align: center\">Vertex Systems<\/h2>\n<h4 style=\"text-align: center\">Industriell CAD &amp; PDM\/PLM Mjukvara<\/h4>\n<\/hgroup>\n<\/div>\n<p>[\/et_pb_text][et_pb_text _builder_version=&#8221;4.16&#8243; custom_padding=&#8221;||0px|||&#8221; global_colors_info=&#8221;{}&#8221;]<\/p>\n<h3 id=\"yui_patched_v3_11_0_1_1519109293249_1435\" style=\"color: #333333;quot;quot;quot;quot;,times,serif;font-size: 18.73px;font-style: normal;font-variant: normal;font-weight: bold;letter-spacing: normal;text-align: left;text-decoration: none;text-indent: 0px;text-transform: none\">18 000 anv\u00e4ndare i 37 l\u00e4nder<\/h3>\n<p id=\"yui_patched_v3_11_0_1_1519109137319_1786\" style=\"color: #333333;quot;quot;quot;quot;,times,serif;font-size: 16px;font-style: normal;font-variant: normal;font-weight: 400;letter-spacing: normal;text-align: left;text-decoration: none;text-indent: 0px;text-transform: none\">Antalet anst\u00e4llda i Vertex-koncernen idag \u00e4r ca. 100 i Asien, Australien, Europa och Nordamerika. \u00d6ver 18.000 Vertex-licenser har levererats till \u00f6ver 2000 kunder i 37 l\u00e4nder \u00f6ver hela v\u00e4rlden.<\/p>\n<h3 id=\"yui_patched_v3_11_0_1_1435296557044_1432\">Optimala l\u00f6sningar f\u00f6r att m\u00f6ta kundens behov<\/h3>\n<p id=\"yui_patched_v3_11_0_1_1519108939441_1524\">Vi \u00e4r engagerade i att uppn\u00e5 den optimala l\u00f6sningen f\u00f6r varje kund med praktisk och l\u00e4ttanv\u00e4nd systemimplementering. Vertex Systems framg\u00e5ng baseras p\u00e5 en innovativ mjukvara och n\u00e4ra samarbete med alla v\u00e5ra globala kunder.<\/p>\n<p id=\"yui_patched_v3_11_0_1_1519108939441_1527\">Vertex Systems integrerade mjukvara g\u00f6r att v\u00e5ra kunder kan automatisera sina kompletta produkt- och informationsprocesser. V\u00e5ra l\u00f6sningar bygger p\u00e5 en anpassningsbar mjukvara och databasarkitektur med flexibla verktyg. Systemet skr\u00e4ddarsys till kundens specifika behov och kan integrera med andra informationssystem.<\/p>\n<p>[\/et_pb_text][et_pb_text _builder_version=&#8221;4.16&#8243; global_colors_info=&#8221;{}&#8221;]<\/p>\n<h3>Vertex Systems tror p\u00e5 teamet<\/h3>\n<p>Vi p\u00e5 Vertex \u00e4r \u00f6vertygade om att det \u00e4r teamet som levererar resultaten, med v\u00e5r mjukvara s\u00e5 sammankopplar du alla avdelningar fr\u00e5n konstruktion, f\u00f6rs\u00e4ljning, kund, leverant\u00f6r till ett team. Just att f\u00e5 verktyget som g\u00f6r att alla resurser str\u00e4var mot samma m\u00e5l skapar enorma v\u00e4rden, p\u00e5 flera s\u00e4tt. Vi str\u00e4var alltid mot att tillsammans med er kunder g\u00f6ra skillnad och skapa v\u00e4rde f\u00f6r oss b\u00e5da. \u00c4n en g\u00e5ng, det \u00e4r teamet som g\u00f6r skillnaden.<br \/>\n[\/et_pb_text][et_pb_image src=&#8221;https:\/\/vertexcad.com\/se\/wp-content\/uploads\/sites\/6\/2019\/10\/shutterstock_761152645.jpg&#8221; _builder_version=&#8221;4.16&#8243; global_colors_info=&#8221;{}&#8221;][\/et_pb_image][\/et_pb_column][\/et_pb_row][et_pb_row column_structure=&#8221;1_2,1_2&#8243; _builder_version=&#8221;4.16&#8243; global_colors_info=&#8221;{}&#8221;][et_pb_column type=&#8221;1_2&#8243; _builder_version=&#8221;4.16&#8243; custom_padding=&#8221;|||&#8221; global_colors_info=&#8221;{}&#8221; custom_padding__hover=&#8221;|||&#8221;][et_pb_image src=&#8221;https:\/\/vertexcad.com\/se\/wp-content\/uploads\/sites\/6\/2021\/04\/Bisnode-DnB-riskiluokka-1-logo-2021-transparent.png&#8221; title_text=&#8221;Bisnode-DnB-riskiluokka-1-logo-2021-transparent&#8221; align=&#8221;center&#8221; align_tablet=&#8221;center&#8221; align_phone=&#8221;&#8221; align_last_edited=&#8221;on|desktop&#8221; _builder_version=&#8221;4.16&#8243; width=&#8221;50%&#8221; global_colors_info=&#8221;{}&#8221;][\/et_pb_image][\/et_pb_column][et_pb_column type=&#8221;1_2&#8243; _builder_version=&#8221;4.16&#8243; custom_padding=&#8221;|||&#8221; global_colors_info=&#8221;{}&#8221; custom_padding__hover=&#8221;|||&#8221;][et_pb_image src=&#8221;https:\/\/vertexcad.com\/se\/wp-content\/uploads\/sites\/6\/2019\/10\/Microsoft_Partner_logo_2.png&#8221; align_tablet=&#8221;center&#8221; align_phone=&#8221;&#8221; align_last_edited=&#8221;on|desktop&#8221; _builder_version=&#8221;4.16&#8243; global_colors_info=&#8221;{}&#8221;][\/et_pb_image][\/et_pb_column][\/et_pb_row][\/et_pb_section]<\/p>\n","protected":false},"excerpt":{"rendered":"<p>Vertex Systems Sweden. Din lokala leverant\u00f6r av Vertex BD. I 40 \u00e5r har finska Vertex Systems levererat en h\u00f6gkvalitativ CAD-mjukvara till byggnadsindustrin, allt fr\u00e5n produktion av sm\u00e5hus till stora h\u00f6ghus. Vertex filial i Sverige startade 2018 f\u00f6r att b\u00e4ttre betj\u00e4na de svenska kunderna lokalt. Vi hj\u00e4lper byggindustrin att effektivisera och utveckla sina processer genom att [&hellip;]<\/p>\n","protected":false},"author":2,"featured_media":0,"parent":0,"menu_order":0,"comment_status":"closed","ping_status":"closed","template":"","meta":{"_et_pb_use_builder":"on","_et_pb_old_content":"","_et_gb_content_width":""},"yoast_head":"<!-- This site is optimized with the Yoast SEO plugin v18.6 - https:\/\/yoast.com\/wordpress\/plugins\/seo\/ -->\n<title>Vertex Systems Sweden. Din lokala leverant\u00f6r av Vertex BD<\/title>\n<meta name=\"description\" content=\"I 40 \u00e5r har finska Vertex levererat en h\u00f6gkvalitativ CAD-mjukvara till byggnadsindustrin, allt fr\u00e5n produktion av sm\u00e5hus till stora h\u00f6ghus.\" \/>\n<meta name=\"robots\" content=\"index, follow, max-snippet:-1, max-image-preview:large, max-video-preview:-1\" \/>\n<link rel=\"canonical\" href=\"https:\/\/vertexcad.com\/se\/om-vertex-systems\/\" \/>\n<meta property=\"og:locale\" content=\"en_US\" \/>\n<meta property=\"og:type\" content=\"article\" \/>\n<meta property=\"og:title\" content=\"Vertex Systems Sweden. Din lokala leverant\u00f6r av Vertex BD\" \/>\n<meta property=\"og:description\" content=\"I 40 \u00e5r har finska Vertex levererat en h\u00f6gkvalitativ CAD-mjukvara till byggnadsindustrin, allt fr\u00e5n produktion av sm\u00e5hus till stora h\u00f6ghus.\" \/>\n<meta property=\"og:url\" content=\"https:\/\/vertexcad.com\/se\/om-vertex-systems\/\" \/>\n<meta property=\"og:site_name\" content=\"Vertex BD Software Sverige\" \/>\n<meta property=\"article:publisher\" content=\"http:\/\/www.facebook.com\/VertexSystemsInternational\" \/>\n<meta property=\"article:modified_time\" content=\"2024-05-30T07:27:19+00:00\" \/>\n<meta name=\"twitter:card\" content=\"summary_large_image\" \/>\n<meta name=\"twitter:site\" content=\"@VertexSysIntl\" \/>\n<meta name=\"twitter:label1\" content=\"Est. reading time\" \/>\n\t<meta name=\"twitter:data1\" content=\"3 minutes\" \/>\n<script type=\"application\/ld+json\" class=\"yoast-schema-graph\">{\"@context\":\"https:\/\/schema.org\",\"@graph\":[{\"@type\":\"Organization\",\"@id\":\"https:\/\/vertexcad.com\/se\/#organization\",\"name\":\"Vertex Systems\",\"url\":\"https:\/\/vertexcad.com\/se\/\",\"sameAs\":[\"http:\/\/www.facebook.com\/VertexSystemsInternational\",\"https:\/\/www.linkedin.com\/company\/vertexsystemssweden\/\",\"https:\/\/www.youtube.com\/c\/VertexBDBuildingDesignSoftware\",\"https:\/\/twitter.com\/VertexSysIntl\"],\"logo\":{\"@type\":\"ImageObject\",\"@id\":\"https:\/\/vertexcad.com\/se\/#logo\",\"inLanguage\":\"en-US\",\"url\":\"https:\/\/vertexcad.com\/se\/wp-content\/uploads\/sites\/6\/2020\/02\/VERTEXlogo_with_margins.jpg\",\"contentUrl\":\"https:\/\/vertexcad.com\/se\/wp-content\/uploads\/sites\/6\/2020\/02\/VERTEXlogo_with_margins.jpg\",\"width\":1400,\"height\":500,\"caption\":\"Vertex Systems\"},\"image\":{\"@id\":\"https:\/\/vertexcad.com\/se\/#logo\"}},{\"@type\":\"WebSite\",\"@id\":\"https:\/\/vertexcad.com\/se\/#website\",\"url\":\"https:\/\/vertexcad.com\/se\/\",\"name\":\"Vertex BD Software Sverige\",\"description\":\"Vertex BD - Ledande BIM Mjukvara f\u00f6r Tr\u00e4husindustrin\",\"publisher\":{\"@id\":\"https:\/\/vertexcad.com\/se\/#organization\"},\"potentialAction\":[{\"@type\":\"SearchAction\",\"target\":{\"@type\":\"EntryPoint\",\"urlTemplate\":\"https:\/\/vertexcad.com\/se\/?s={search_term_string}\"},\"query-input\":\"required name=search_term_string\"}],\"inLanguage\":\"en-US\"},{\"@type\":\"WebPage\",\"@id\":\"https:\/\/vertexcad.com\/se\/om-vertex-systems\/#webpage\",\"url\":\"https:\/\/vertexcad.com\/se\/om-vertex-systems\/\",\"name\":\"Vertex Systems Sweden. Din lokala leverant\u00f6r av Vertex BD\",\"isPartOf\":{\"@id\":\"https:\/\/vertexcad.com\/se\/#website\"},\"datePublished\":\"2019-10-16T07:47:03+00:00\",\"dateModified\":\"2024-05-30T07:27:19+00:00\",\"description\":\"I 40 \u00e5r har finska Vertex levererat en h\u00f6gkvalitativ CAD-mjukvara till byggnadsindustrin, allt fr\u00e5n produktion av sm\u00e5hus till stora h\u00f6ghus.\",\"breadcrumb\":{\"@id\":\"https:\/\/vertexcad.com\/se\/om-vertex-systems\/#breadcrumb\"},\"inLanguage\":\"en-US\",\"potentialAction\":[{\"@type\":\"ReadAction\",\"target\":[\"https:\/\/vertexcad.com\/se\/om-vertex-systems\/\"]}]},{\"@type\":\"BreadcrumbList\",\"@id\":\"https:\/\/vertexcad.com\/se\/om-vertex-systems\/#breadcrumb\",\"itemListElement\":[{\"@type\":\"ListItem\",\"position\":1,\"name\":\"Home\",\"item\":\"https:\/\/vertexcad.com\/se\/\"},{\"@type\":\"ListItem\",\"position\":2,\"name\":\"Om oss\"}]}]}<\/script>\n<!-- \/ Yoast SEO plugin. -->","yoast_head_json":{"title":"Vertex Systems Sweden. Din lokala leverant\u00f6r av Vertex BD","description":"I 40 \u00e5r har finska Vertex levererat en h\u00f6gkvalitativ CAD-mjukvara till byggnadsindustrin, allt fr\u00e5n produktion av sm\u00e5hus till stora h\u00f6ghus.","robots":{"index":"index","follow":"follow","max-snippet":"max-snippet:-1","max-image-preview":"max-image-preview:large","max-video-preview":"max-video-preview:-1"},"canonical":"https:\/\/vertexcad.com\/se\/om-vertex-systems\/","og_locale":"en_US","og_type":"article","og_title":"Vertex Systems Sweden. Din lokala leverant\u00f6r av Vertex BD","og_description":"I 40 \u00e5r har finska Vertex levererat en h\u00f6gkvalitativ CAD-mjukvara till byggnadsindustrin, allt fr\u00e5n produktion av sm\u00e5hus till stora h\u00f6ghus.","og_url":"https:\/\/vertexcad.com\/se\/om-vertex-systems\/","og_site_name":"Vertex BD Software Sverige","article_publisher":"http:\/\/www.facebook.com\/VertexSystemsInternational","article_modified_time":"2024-05-30T07:27:19+00:00","twitter_card":"summary_large_image","twitter_site":"@VertexSysIntl","twitter_misc":{"Est. reading time":"3 minutes"},"schema":{"@context":"https:\/\/schema.org","@graph":[{"@type":"Organization","@id":"https:\/\/vertexcad.com\/se\/#organization","name":"Vertex Systems","url":"https:\/\/vertexcad.com\/se\/","sameAs":["http:\/\/www.facebook.com\/VertexSystemsInternational","https:\/\/www.linkedin.com\/company\/vertexsystemssweden\/","https:\/\/www.youtube.com\/c\/VertexBDBuildingDesignSoftware","https:\/\/twitter.com\/VertexSysIntl"],"logo":{"@type":"ImageObject","@id":"https:\/\/vertexcad.com\/se\/#logo","inLanguage":"en-US","url":"https:\/\/vertexcad.com\/se\/wp-content\/uploads\/sites\/6\/2020\/02\/VERTEXlogo_with_margins.jpg","contentUrl":"https:\/\/vertexcad.com\/se\/wp-content\/uploads\/sites\/6\/2020\/02\/VERTEXlogo_with_margins.jpg","width":1400,"height":500,"caption":"Vertex Systems"},"image":{"@id":"https:\/\/vertexcad.com\/se\/#logo"}},{"@type":"WebSite","@id":"https:\/\/vertexcad.com\/se\/#website","url":"https:\/\/vertexcad.com\/se\/","name":"Vertex BD Software Sverige","description":"Vertex BD - Ledande BIM Mjukvara f\u00f6r Tr\u00e4husindustrin","publisher":{"@id":"https:\/\/vertexcad.com\/se\/#organization"},"potentialAction":[{"@type":"SearchAction","target":{"@type":"EntryPoint","urlTemplate":"https:\/\/vertexcad.com\/se\/?s={search_term_string}"},"query-input":"required name=search_term_string"}],"inLanguage":"en-US"},{"@type":"WebPage","@id":"https:\/\/vertexcad.com\/se\/om-vertex-systems\/#webpage","url":"https:\/\/vertexcad.com\/se\/om-vertex-systems\/","name":"Vertex Systems Sweden. Din lokala leverant\u00f6r av Vertex BD","isPartOf":{"@id":"https:\/\/vertexcad.com\/se\/#website"},"datePublished":"2019-10-16T07:47:03+00:00","dateModified":"2024-05-30T07:27:19+00:00","description":"I 40 \u00e5r har finska Vertex levererat en h\u00f6gkvalitativ CAD-mjukvara till byggnadsindustrin, allt fr\u00e5n produktion av sm\u00e5hus till stora h\u00f6ghus.","breadcrumb":{"@id":"https:\/\/vertexcad.com\/se\/om-vertex-systems\/#breadcrumb"},"inLanguage":"en-US","potentialAction":[{"@type":"ReadAction","target":["https:\/\/vertexcad.com\/se\/om-vertex-systems\/"]}]},{"@type":"BreadcrumbList","@id":"https:\/\/vertexcad.com\/se\/om-vertex-systems\/#breadcrumb","itemListElement":[{"@type":"ListItem","position":1,"name":"Home","item":"https:\/\/vertexcad.com\/se\/"},{"@type":"ListItem","position":2,"name":"Om oss"}]}]}},"_links":{"self":[{"href":"https:\/\/vertexcad.com\/se\/wp-json\/wp\/v2\/pages\/64"}],"collection":[{"href":"https:\/\/vertexcad.com\/se\/wp-json\/wp\/v2\/pages"}],"about":[{"href":"https:\/\/vertexcad.com\/se\/wp-json\/wp\/v2\/types\/page"}],"author":[{"embeddable":true,"href":"https:\/\/vertexcad.com\/se\/wp-json\/wp\/v2\/users\/2"}],"replies":[{"embeddable":true,"href":"https:\/\/vertexcad.com\/se\/wp-json\/wp\/v2\/comments?post=64"}],"version-history":[{"count":30,"href":"https:\/\/vertexcad.com\/se\/wp-json\/wp\/v2\/pages\/64\/revisions"}],"predecessor-version":[{"id":10676,"href":"https:\/\/vertexcad.com\/se\/wp-json\/wp\/v2\/pages\/64\/revisions\/10676"}],"wp:attachment":[{"href":"https:\/\/vertexcad.com\/se\/wp-json\/wp\/v2\/media?parent=64"}],"curies":[{"name":"wp","href":"https:\/\/api.w.org\/{rel}","templated":true}]}}