{"id":74,"date":"2019-10-16T07:50:55","date_gmt":"2019-10-16T07:50:55","guid":{"rendered":"https:\/\/vertexcad.com\/web2\/se\/?page_id=74"},"modified":"2026-01-16T10:44:29","modified_gmt":"2026-01-16T09:44:29","slug":"kontakta-oss","status":"publish","type":"page","link":"https:\/\/vertexcad.com\/se\/kontakta-oss\/","title":{"rendered":"Kontakta oss"},"content":{"rendered":"<p>[et_pb_section fb_built=&#8221;1&#8243; _builder_version=&#8221;4.16&#8243; custom_padding=&#8221;50px||50px|||&#8221; global_colors_info=&#8221;{}&#8221;][et_pb_row column_structure=&#8221;1_2,1_4,1_4&#8243; _builder_version=&#8221;4.16&#8243; _module_preset=&#8221;default&#8221; global_colors_info=&#8221;{}&#8221;][et_pb_column type=&#8221;1_2&#8243; _builder_version=&#8221;4.16&#8243; _module_preset=&#8221;default&#8221; global_colors_info=&#8221;{}&#8221;][et_pb_contact_form email=&#8221;roger.johansson@vertex.fi&#8221; title=&#8221;Boka en demo&#8221; custom_message=&#8221;New demo request from: %%email%%||et_pb_line_break_holder||&#8221; success_message=&#8221;Tack&#8221; submit_button_text=&#8221;Skicka&#8221; _builder_version=&#8221;4.16&#8243; _module_preset=&#8221;default&#8221; _unique_id=&#8221;d7288bf3-f211-4719-b7c3-7c9020cf7b28&#8243; form_field_custom_margin=&#8221;0px||||false|false&#8221; custom_button=&#8221;on&#8221; button_text_size=&#8221;20px&#8221; button_use_icon=&#8221;off&#8221; button_custom_margin=&#8221;0px||0px||false|false&#8221; button_custom_padding=&#8221;0px||||false|false&#8221; global_colors_info=&#8221;{}&#8221;][et_pb_contact_field field_id=&#8221;Email&#8221; field_title=&#8221;Email&#8221; field_type=&#8221;email&#8221; fullwidth_field=&#8221;on&#8221; _builder_version=&#8221;4.16&#8243; global_colors_info=&#8221;{}&#8221; button_text_size__hover_enabled=&#8221;off&#8221; button_one_text_size__hover_enabled=&#8221;off&#8221; button_two_text_size__hover_enabled=&#8221;off&#8221; button_text_color__hover_enabled=&#8221;off&#8221; button_one_text_color__hover_enabled=&#8221;off&#8221; button_two_text_color__hover_enabled=&#8221;off&#8221; button_border_width__hover_enabled=&#8221;off&#8221; button_one_border_width__hover_enabled=&#8221;off&#8221; button_two_border_width__hover_enabled=&#8221;off&#8221; button_border_color__hover_enabled=&#8221;off&#8221; button_one_border_color__hover_enabled=&#8221;off&#8221; button_two_border_color__hover_enabled=&#8221;off&#8221; button_border_radius__hover_enabled=&#8221;off&#8221; button_one_border_radius__hover_enabled=&#8221;off&#8221; button_two_border_radius__hover_enabled=&#8221;off&#8221; button_letter_spacing__hover_enabled=&#8221;off&#8221; button_one_letter_spacing__hover_enabled=&#8221;off&#8221; button_two_letter_spacing__hover_enabled=&#8221;off&#8221; button_bg_color__hover_enabled=&#8221;off&#8221; button_one_bg_color__hover_enabled=&#8221;off&#8221; button_two_bg_color__hover_enabled=&#8221;off&#8221;][\/et_pb_contact_field][\/et_pb_contact_form][\/et_pb_column][et_pb_column type=&#8221;1_4&#8243; _builder_version=&#8221;4.16&#8243; _module_preset=&#8221;default&#8221; global_colors_info=&#8221;{}&#8221;][\/et_pb_column][et_pb_column type=&#8221;1_4&#8243; _builder_version=&#8221;4.16&#8243; _module_preset=&#8221;default&#8221; global_colors_info=&#8221;{}&#8221;][et_pb_text _builder_version=&#8221;4.19.5&#8243; global_colors_info=&#8221;{}&#8221;]<\/p>\n<h4>Vertex Systems Sweden<\/h4>\n<p>Torggatan 1<br \/>311 31 Falkenberg<br \/>SVERIGE<br \/>tel. <a href=\"tel:+46793354651\">+46 (0) 79 335 46 51<\/a><br \/>infoSWE@vertex.fi<\/p>\n<p>[\/et_pb_text][\/et_pb_column][\/et_pb_row][et_pb_row column_structure=&#8221;1_3,1_3,1_3&#8243; _builder_version=&#8221;4.19.5&#8243; _module_preset=&#8221;default&#8221; global_colors_info=&#8221;{}&#8221;][et_pb_column type=&#8221;1_3&#8243; _builder_version=&#8221;4.19.5&#8243; _module_preset=&#8221;default&#8221; global_colors_info=&#8221;{}&#8221;][et_pb_text _builder_version=&#8221;4.19.5&#8243; global_colors_info=&#8221;{}&#8221;]<\/p>\n<div class=\"journal-content-article\">\n<h4 id=\"yui_patched_v3_11_0_1_1565935990875_1257\" style=\"text-align: center\">F\u00f6rs\u00e4ljning och Marknad<\/h4>\n<\/div>\n<p>[\/et_pb_text][et_pb_image src=&#8221;https:\/\/vertexcad.com\/se\/wp-content\/uploads\/sites\/6\/2024\/06\/roger-round4.png&#8221; title_text=&#8221;roger round4&#8243; _builder_version=&#8221;4.19.5&#8243; _module_preset=&#8221;default&#8221; custom_margin=&#8221;||-1px||false|false&#8221; global_colors_info=&#8221;{}&#8221;][\/et_pb_image][et_pb_text _builder_version=&#8221;4.19.5&#8243; global_colors_info=&#8221;{}&#8221;]<\/p>\n<div class=\"journal-content-article\">\n<p id=\"yui_patched_v3_11_0_1_1565935990875_1255\" style=\"text-align: center\">Roger Johansson<br \/>tel. <a href=\"tel:+46793354651\">+46 (0) 79-335 46 51<\/a><br \/>roger.johansson@vertex.fi<\/p>\n<\/div>\n<p>[\/et_pb_text][\/et_pb_column][et_pb_column type=&#8221;1_3&#8243; _builder_version=&#8221;4.19.5&#8243; _module_preset=&#8221;default&#8221; global_colors_info=&#8221;{}&#8221;][et_pb_text _builder_version=&#8221;4.19.5&#8243; global_colors_info=&#8221;{}&#8221;]<\/p>\n<div class=\"journal-content-article\">\n<h4 id=\"yui_patched_v3_11_0_1_1565936172757_1212\" style=\"text-align: center\">Teknik och support<\/h4>\n<\/div>\n<p>[\/et_pb_text][et_pb_image src=&#8221;https:\/\/vertexcad.com\/se\/wp-content\/uploads\/sites\/6\/2024\/06\/thomas-round4.png&#8221; title_text=&#8221;thomas round4&#8243; _builder_version=&#8221;4.19.5&#8243; _module_preset=&#8221;default&#8221; custom_margin=&#8221;||-1px||false|false&#8221; global_colors_info=&#8221;{}&#8221;][\/et_pb_image][et_pb_text _builder_version=&#8221;4.19.5&#8243; global_colors_info=&#8221;{}&#8221;]<\/p>\n<div class=\"journal-content-article\">\n<p id=\"yui_patched_v3_11_0_1_1565938819843_1411\" style=\"text-align: center\">Thomas J\u00f6nsson<br \/>tel. <a href=\"tel:+46793354314\">+46 (0) 79-335 43 14<\/a><br \/><span id=\"yui_patched_v3_11_0_1_1565939226466_1389\" class=\"folder\">thomas.jonsson@vertex.fi<\/span><\/p>\n<\/div>\n<p>[\/et_pb_text][\/et_pb_column][et_pb_column type=&#8221;1_3&#8243; _builder_version=&#8221;4.19.5&#8243; _module_preset=&#8221;default&#8221; global_colors_info=&#8221;{}&#8221;][et_pb_text _builder_version=&#8221;4.19.5&#8243; global_colors_info=&#8221;{}&#8221;]<\/p>\n<div class=\"journal-content-article\">\n<h4 id=\"yui_patched_v3_11_0_1_1565936172757_1212\" style=\"text-align: center\">Teknik och support<\/h4>\n<\/div>\n<p>[\/et_pb_text][et_pb_image src=&#8221;https:\/\/vertexcad.com\/se\/wp-content\/uploads\/sites\/6\/2024\/06\/filip-round4.png&#8221; title_text=&#8221;filip round4&#8243; _builder_version=&#8221;4.19.5&#8243; _module_preset=&#8221;default&#8221; custom_margin=&#8221;||-1px||false|false&#8221; global_colors_info=&#8221;{}&#8221;][\/et_pb_image][et_pb_text _builder_version=&#8221;4.19.5&#8243; global_colors_info=&#8221;{}&#8221;]<\/p>\n<div class=\"journal-content-article\">\n<p style=\"text-align: center\"><span class=\"folder\">Filip Sigvardsson<br \/>tel. <a href=\"tel:+4673-040 61 23\">+46 (0) 73-040 61 23<\/a><br \/><\/span><span class=\"folder\">filip.sigvardsson@vertex.fi<\/span><\/p>\n<\/div>\n<p>[\/et_pb_text][\/et_pb_column][\/et_pb_row][et_pb_row column_structure=&#8221;1_3,1_3,1_3&#8243; _builder_version=&#8221;4.19.5&#8243; _module_preset=&#8221;default&#8221; global_colors_info=&#8221;{}&#8221;][et_pb_column type=&#8221;1_3&#8243; _builder_version=&#8221;4.19.5&#8243; _module_preset=&#8221;default&#8221; global_colors_info=&#8221;{}&#8221;][et_pb_text _builder_version=&#8221;4.19.5&#8243; global_colors_info=&#8221;{}&#8221;]<\/p>\n<div class=\"journal-content-article\">\n<h4 id=\"yui_patched_v3_11_0_1_1565936231958_1218\" style=\"text-align: center\">Ekonomi och Administration<\/h4>\n<\/div>\n<p>[\/et_pb_text][et_pb_image src=&#8221;https:\/\/vertexcad.com\/se\/wp-content\/uploads\/sites\/6\/2024\/06\/linda-round4.png&#8221; title_text=&#8221;linda round4&#8243; _builder_version=&#8221;4.19.5&#8243; _module_preset=&#8221;default&#8221; custom_margin=&#8221;||-1px||false|false&#8221; global_colors_info=&#8221;{}&#8221;][\/et_pb_image][et_pb_text _builder_version=&#8221;4.19.5&#8243; hover_enabled=&#8221;0&#8243; global_colors_info=&#8221;{}&#8221; sticky_enabled=&#8221;0&#8243;]<\/p>\n<div class=\"journal-content-article\">\n<p id=\"yui_patched_v3_11_0_1_1565936231958_1233\" style=\"text-align: center\">Linda Johansson<br \/>tel. <a href=\"tel:+46731414406\">+46 (0) 73-141 44 06<\/a><br \/><span id=\"yui_patched_v3_11_0_1_1565939226466_1389\" class=\"folder\">linda.johansson@vertex.fi<\/span><\/p>\n<\/div>\n<p>[\/et_pb_text][\/et_pb_column][et_pb_column type=&#8221;1_3&#8243; _builder_version=&#8221;4.19.5&#8243; _module_preset=&#8221;default&#8221; global_colors_info=&#8221;{}&#8221;][et_pb_text _builder_version=&#8221;4.19.5&#8243; global_colors_info=&#8221;{}&#8221;]<\/p>\n<div class=\"journal-content-article\">\n<h4 id=\"yui_patched_v3_11_0_1_1565936231958_1218\" style=\"text-align: center\">Design<\/h4>\n<\/div>\n<p>[\/et_pb_text][et_pb_image src=&#8221;https:\/\/vertexcad.com\/se\/wp-content\/uploads\/sites\/6\/2024\/06\/christian-round4.png&#8221; title_text=&#8221;christian round4&#8243; _builder_version=&#8221;4.19.5&#8243; _module_preset=&#8221;default&#8221; custom_margin=&#8221;||-1px||false|false&#8221; global_colors_info=&#8221;{}&#8221;][\/et_pb_image][et_pb_text _builder_version=&#8221;4.19.5&#8243; hover_enabled=&#8221;0&#8243; global_colors_info=&#8221;{}&#8221; sticky_enabled=&#8221;0&#8243;]<\/p>\n<div class=\"journal-content-article\">\n<p style=\"text-align: center\">Christian Pehrsson<br \/>tel. <a href=\"tel:+46731414406\">+46 (0) <\/a><a href=\"tel:+46%20722 333 122\">722 333 122<\/a><br \/>christian.pehrsson@vertex.fi<\/p>\n<\/div>\n<p>[\/et_pb_text][\/et_pb_column][et_pb_column type=&#8221;1_3&#8243; _builder_version=&#8221;4.19.5&#8243; _module_preset=&#8221;default&#8221; global_colors_info=&#8221;{}&#8221;][\/et_pb_column][\/et_pb_row][et_pb_row column_structure=&#8221;1_5,3_5,1_5&#8243; _builder_version=&#8221;4.16&#8243; custom_padding=&#8221;50px||49px|||&#8221; global_colors_info=&#8221;{}&#8221;][et_pb_column type=&#8221;1_5&#8243; _builder_version=&#8221;4.16&#8243; custom_padding=&#8221;|||&#8221; global_colors_info=&#8221;{}&#8221; custom_padding__hover=&#8221;|||&#8221;][\/et_pb_column][et_pb_column type=&#8221;3_5&#8243; _builder_version=&#8221;4.16&#8243; custom_padding=&#8221;|||&#8221; global_colors_info=&#8221;{}&#8221; custom_padding__hover=&#8221;|||&#8221;][et_pb_social_media_follow admin_label=&#8221;Social Media Follow&#8221; _builder_version=&#8221;4.16&#8243; text_orientation=&#8221;center&#8221; custom_padding=&#8221;13px|||||&#8221; global_colors_info=&#8221;{}&#8221;][et_pb_social_media_follow_network social_network=&#8221;linkedin&#8221; url=&#8221;https:\/\/www.linkedin.com\/company\/vertexsystemssweden\/&#8221; _builder_version=&#8221;4.16&#8243; background_color=&#8221;#007bb6&#8243; global_colors_info=&#8221;{}&#8221; follow_button=&#8221;off&#8221; url_new_window=&#8221;on&#8221;]linkedin[\/et_pb_social_media_follow_network][et_pb_social_media_follow_network social_network=&#8221;youtube&#8221; url=&#8221;https:\/\/www.youtube.com\/c\/VertexBDBuildingDesignSoftware&#8221; _builder_version=&#8221;4.16&#8243; background_color=&#8221;#a82400&#8243; global_colors_info=&#8221;{}&#8221; follow_button=&#8221;off&#8221; url_new_window=&#8221;on&#8221;]youtube[\/et_pb_social_media_follow_network][et_pb_social_media_follow_network social_network=&#8221;facebook&#8221; url=&#8221;http:\/\/www.facebook.com\/VertexSystemsInternational&#8221; _builder_version=&#8221;4.16&#8243; background_color=&#8221;#3b5998&#8243; global_colors_info=&#8221;{}&#8221; follow_button=&#8221;off&#8221; url_new_window=&#8221;on&#8221;]facebook[\/et_pb_social_media_follow_network][et_pb_social_media_follow_network social_network=&#8221;twitter&#8221; url=&#8221;https:\/\/twitter.com\/VertexSysIntl&#8221; _builder_version=&#8221;4.16&#8243; background_color=&#8221;#00aced&#8221; global_colors_info=&#8221;{}&#8221; follow_button=&#8221;off&#8221; url_new_window=&#8221;on&#8221;]twitter[\/et_pb_social_media_follow_network][\/et_pb_social_media_follow][et_pb_image src=&#8221;https:\/\/vertexcad.com\/se\/wp-content\/uploads\/sites\/6\/2023\/02\/Vertex_world_02_2023_transparent_bkg1.png&#8221; title_text=&#8221;Vertex World&#8221; align_tablet=&#8221;center&#8221; align_phone=&#8221;&#8221; align_last_edited=&#8221;on|desktop&#8221; _builder_version=&#8221;4.19.5&#8243; global_colors_info=&#8221;{}&#8221;][\/et_pb_image][\/et_pb_column][et_pb_column type=&#8221;1_5&#8243; _builder_version=&#8221;4.16&#8243; custom_padding=&#8221;|||&#8221; global_colors_info=&#8221;{}&#8221; custom_padding__hover=&#8221;|||&#8221;][\/et_pb_column][\/et_pb_row][\/et_pb_section][et_pb_section fb_built=&#8221;1&#8243; _builder_version=&#8221;4.19.5&#8243; _module_preset=&#8221;default&#8221; global_colors_info=&#8221;{}&#8221;][et_pb_row _builder_version=&#8221;4.19.5&#8243; _module_preset=&#8221;default&#8221; global_colors_info=&#8221;{}&#8221;][et_pb_column type=&#8221;4_4&#8243; _builder_version=&#8221;4.19.5&#8243; _module_preset=&#8221;default&#8221; global_colors_info=&#8221;{}&#8221;][et_pb_image src=&#8221;https:\/\/vertexcad.com\/se\/wp-content\/uploads\/sites\/6\/2024\/06\/roger-round.png&#8221; _builder_version=&#8221;4.19.5&#8243; _module_preset=&#8221;default&#8221; global_colors_info=&#8221;{}&#8221;][\/et_pb_image][\/et_pb_column][\/et_pb_row][\/et_pb_section][et_pb_section fb_built=&#8221;1&#8243; _builder_version=&#8221;4.19.5&#8243; _module_preset=&#8221;default&#8221; global_colors_info=&#8221;{}&#8221;][et_pb_row _builder_version=&#8221;4.19.5&#8243; _module_preset=&#8221;default&#8221; global_colors_info=&#8221;{}&#8221;][et_pb_column type=&#8221;4_4&#8243; _builder_version=&#8221;4.19.5&#8243; _module_preset=&#8221;default&#8221; global_colors_info=&#8221;{}&#8221;][et_pb_image src=&#8221;https:\/\/vertexcad.com\/se\/wp-content\/uploads\/sites\/6\/2024\/06\/thomas-round.png&#8221; _builder_version=&#8221;4.19.5&#8243; _module_preset=&#8221;default&#8221; global_colors_info=&#8221;{}&#8221;][\/et_pb_image][\/et_pb_column][\/et_pb_row][\/et_pb_section][et_pb_section fb_built=&#8221;1&#8243; _builder_version=&#8221;4.19.5&#8243; _module_preset=&#8221;default&#8221; global_colors_info=&#8221;{}&#8221;][et_pb_row _builder_version=&#8221;4.19.5&#8243; _module_preset=&#8221;default&#8221; global_colors_info=&#8221;{}&#8221;][et_pb_column type=&#8221;4_4&#8243; _builder_version=&#8221;4.19.5&#8243; _module_preset=&#8221;default&#8221; global_colors_info=&#8221;{}&#8221;][et_pb_image src=&#8221;https:\/\/vertexcad.com\/se\/wp-content\/uploads\/sites\/6\/2024\/06\/filip-round.png&#8221; _builder_version=&#8221;4.19.5&#8243; _module_preset=&#8221;default&#8221; global_colors_info=&#8221;{}&#8221;][\/et_pb_image][\/et_pb_column][\/et_pb_row][\/et_pb_section][et_pb_section fb_built=&#8221;1&#8243; _builder_version=&#8221;4.19.5&#8243; _module_preset=&#8221;default&#8221; global_colors_info=&#8221;{}&#8221;][et_pb_row _builder_version=&#8221;4.19.5&#8243; _module_preset=&#8221;default&#8221; global_colors_info=&#8221;{}&#8221;][et_pb_column type=&#8221;4_4&#8243; _builder_version=&#8221;4.19.5&#8243; _module_preset=&#8221;default&#8221; global_colors_info=&#8221;{}&#8221;][et_pb_image src=&#8221;https:\/\/vertexcad.com\/se\/wp-content\/uploads\/sites\/6\/2024\/06\/oscar-round.png&#8221; _builder_version=&#8221;4.19.5&#8243; _module_preset=&#8221;default&#8221; global_colors_info=&#8221;{}&#8221;][\/et_pb_image][\/et_pb_column][\/et_pb_row][\/et_pb_section][et_pb_section fb_built=&#8221;1&#8243; _builder_version=&#8221;4.19.5&#8243; _module_preset=&#8221;default&#8221; global_colors_info=&#8221;{}&#8221;][et_pb_row _builder_version=&#8221;4.19.5&#8243; _module_preset=&#8221;default&#8221; global_colors_info=&#8221;{}&#8221;][et_pb_column type=&#8221;4_4&#8243; _builder_version=&#8221;4.19.5&#8243; _module_preset=&#8221;default&#8221; global_colors_info=&#8221;{}&#8221;][et_pb_image src=&#8221;https:\/\/vertexcad.com\/se\/wp-content\/uploads\/sites\/6\/2024\/06\/linda-round.png&#8221; _builder_version=&#8221;4.19.5&#8243; _module_preset=&#8221;default&#8221; global_colors_info=&#8221;{}&#8221;][\/et_pb_image][\/et_pb_column][\/et_pb_row][\/et_pb_section][et_pb_section fb_built=&#8221;1&#8243; _builder_version=&#8221;4.19.5&#8243; _module_preset=&#8221;default&#8221; global_colors_info=&#8221;{}&#8221;][et_pb_row _builder_version=&#8221;4.19.5&#8243; _module_preset=&#8221;default&#8221; global_colors_info=&#8221;{}&#8221;][et_pb_column type=&#8221;4_4&#8243; _builder_version=&#8221;4.19.5&#8243; _module_preset=&#8221;default&#8221; global_colors_info=&#8221;{}&#8221;][et_pb_image src=&#8221;https:\/\/vertexcad.com\/se\/wp-content\/uploads\/sites\/6\/2024\/06\/christian-round.png&#8221; _builder_version=&#8221;4.19.5&#8243; _module_preset=&#8221;default&#8221; global_colors_info=&#8221;{}&#8221;][\/et_pb_image][\/et_pb_column][\/et_pb_row][\/et_pb_section]<\/p>\n","protected":false},"excerpt":{"rendered":"<p>Vertex Systems Sweden Torggatan 1311 31 FalkenbergSVERIGEtel. +46 (0) 79 335 46 51infoSWE@vertex.fi F\u00f6rs\u00e4ljning och Marknad Roger Johanssontel. +46 (0) 79-335 46 51roger.johansson@vertex.fi Teknik och support Thomas J\u00f6nssontel. +46 (0) 79-335 43 14thomas.jonsson@vertex.fi Teknik och support Filip Sigvardssontel. +46 (0) 73-040 61 23filip.sigvardsson@vertex.fi Ekonomi och Administration Linda Johanssontel. +46 (0) 73-141 44 06linda.johansson@vertex.fi Design Christian [&hellip;]<\/p>\n","protected":false},"author":2,"featured_media":0,"parent":0,"menu_order":0,"comment_status":"closed","ping_status":"closed","template":"","meta":{"_et_pb_use_builder":"on","_et_pb_old_content":"","_et_gb_content_width":""},"yoast_head":"<!-- This site is optimized with the Yoast SEO plugin v18.6 - https:\/\/yoast.com\/wordpress\/plugins\/seo\/ -->\n<title>Kontakta oss - Vertex BD Software Sverige<\/title>\n<meta name=\"description\" content=\"Vertex BD - BIM-mjukvara f\u00f6r byggindustrin\" \/>\n<meta name=\"robots\" content=\"index, follow, max-snippet:-1, max-image-preview:large, max-video-preview:-1\" \/>\n<link rel=\"canonical\" href=\"https:\/\/vertexcad.com\/se\/kontakta-oss\/\" \/>\n<meta property=\"og:locale\" content=\"en_US\" \/>\n<meta property=\"og:type\" content=\"article\" \/>\n<meta property=\"og:title\" content=\"Kontakta oss - Vertex BD Software Sverige\" \/>\n<meta property=\"og:description\" content=\"Vertex BD - BIM-mjukvara f\u00f6r byggindustrin\" \/>\n<meta property=\"og:url\" content=\"https:\/\/vertexcad.com\/se\/kontakta-oss\/\" \/>\n<meta property=\"og:site_name\" content=\"Vertex BD Software Sverige\" \/>\n<meta property=\"article:publisher\" content=\"http:\/\/www.facebook.com\/VertexSystemsInternational\" \/>\n<meta property=\"article:modified_time\" content=\"2026-01-16T09:44:29+00:00\" \/>\n<meta name=\"twitter:card\" content=\"summary_large_image\" \/>\n<meta name=\"twitter:site\" content=\"@VertexSysIntl\" \/>\n<meta name=\"twitter:label1\" content=\"Est. reading time\" \/>\n\t<meta name=\"twitter:data1\" content=\"8 minutes\" \/>\n<script type=\"application\/ld+json\" class=\"yoast-schema-graph\">{\"@context\":\"https:\/\/schema.org\",\"@graph\":[{\"@type\":\"Organization\",\"@id\":\"https:\/\/vertexcad.com\/se\/#organization\",\"name\":\"Vertex Systems\",\"url\":\"https:\/\/vertexcad.com\/se\/\",\"sameAs\":[\"http:\/\/www.facebook.com\/VertexSystemsInternational\",\"https:\/\/www.linkedin.com\/company\/vertexsystemssweden\/\",\"https:\/\/www.youtube.com\/c\/VertexBDBuildingDesignSoftware\",\"https:\/\/twitter.com\/VertexSysIntl\"],\"logo\":{\"@type\":\"ImageObject\",\"@id\":\"https:\/\/vertexcad.com\/se\/#logo\",\"inLanguage\":\"en-US\",\"url\":\"https:\/\/vertexcad.com\/se\/wp-content\/uploads\/sites\/6\/2020\/02\/VERTEXlogo_with_margins.jpg\",\"contentUrl\":\"https:\/\/vertexcad.com\/se\/wp-content\/uploads\/sites\/6\/2020\/02\/VERTEXlogo_with_margins.jpg\",\"width\":1400,\"height\":500,\"caption\":\"Vertex Systems\"},\"image\":{\"@id\":\"https:\/\/vertexcad.com\/se\/#logo\"}},{\"@type\":\"WebSite\",\"@id\":\"https:\/\/vertexcad.com\/se\/#website\",\"url\":\"https:\/\/vertexcad.com\/se\/\",\"name\":\"Vertex BD Software Sverige\",\"description\":\"Vertex BD - Ledande BIM Mjukvara f\u00f6r Tr\u00e4husindustrin\",\"publisher\":{\"@id\":\"https:\/\/vertexcad.com\/se\/#organization\"},\"potentialAction\":[{\"@type\":\"SearchAction\",\"target\":{\"@type\":\"EntryPoint\",\"urlTemplate\":\"https:\/\/vertexcad.com\/se\/?s={search_term_string}\"},\"query-input\":\"required name=search_term_string\"}],\"inLanguage\":\"en-US\"},{\"@type\":\"WebPage\",\"@id\":\"https:\/\/vertexcad.com\/se\/kontakta-oss\/#webpage\",\"url\":\"https:\/\/vertexcad.com\/se\/kontakta-oss\/\",\"name\":\"Kontakta oss - Vertex BD Software Sverige\",\"isPartOf\":{\"@id\":\"https:\/\/vertexcad.com\/se\/#website\"},\"datePublished\":\"2019-10-16T07:50:55+00:00\",\"dateModified\":\"2026-01-16T09:44:29+00:00\",\"description\":\"Vertex BD - BIM-mjukvara f\u00f6r byggindustrin\",\"breadcrumb\":{\"@id\":\"https:\/\/vertexcad.com\/se\/kontakta-oss\/#breadcrumb\"},\"inLanguage\":\"en-US\",\"potentialAction\":[{\"@type\":\"ReadAction\",\"target\":[\"https:\/\/vertexcad.com\/se\/kontakta-oss\/\"]}]},{\"@type\":\"BreadcrumbList\",\"@id\":\"https:\/\/vertexcad.com\/se\/kontakta-oss\/#breadcrumb\",\"itemListElement\":[{\"@type\":\"ListItem\",\"position\":1,\"name\":\"Home\",\"item\":\"https:\/\/vertexcad.com\/se\/\"},{\"@type\":\"ListItem\",\"position\":2,\"name\":\"Kontakta oss\"}]}]}<\/script>\n<!-- \/ Yoast SEO plugin. -->","yoast_head_json":{"title":"Kontakta oss - Vertex BD Software Sverige","description":"Vertex BD - BIM-mjukvara f\u00f6r byggindustrin","robots":{"index":"index","follow":"follow","max-snippet":"max-snippet:-1","max-image-preview":"max-image-preview:large","max-video-preview":"max-video-preview:-1"},"canonical":"https:\/\/vertexcad.com\/se\/kontakta-oss\/","og_locale":"en_US","og_type":"article","og_title":"Kontakta oss - Vertex BD Software Sverige","og_description":"Vertex BD - BIM-mjukvara f\u00f6r byggindustrin","og_url":"https:\/\/vertexcad.com\/se\/kontakta-oss\/","og_site_name":"Vertex BD Software Sverige","article_publisher":"http:\/\/www.facebook.com\/VertexSystemsInternational","article_modified_time":"2026-01-16T09:44:29+00:00","twitter_card":"summary_large_image","twitter_site":"@VertexSysIntl","twitter_misc":{"Est. reading time":"8 minutes"},"schema":{"@context":"https:\/\/schema.org","@graph":[{"@type":"Organization","@id":"https:\/\/vertexcad.com\/se\/#organization","name":"Vertex Systems","url":"https:\/\/vertexcad.com\/se\/","sameAs":["http:\/\/www.facebook.com\/VertexSystemsInternational","https:\/\/www.linkedin.com\/company\/vertexsystemssweden\/","https:\/\/www.youtube.com\/c\/VertexBDBuildingDesignSoftware","https:\/\/twitter.com\/VertexSysIntl"],"logo":{"@type":"ImageObject","@id":"https:\/\/vertexcad.com\/se\/#logo","inLanguage":"en-US","url":"https:\/\/vertexcad.com\/se\/wp-content\/uploads\/sites\/6\/2020\/02\/VERTEXlogo_with_margins.jpg","contentUrl":"https:\/\/vertexcad.com\/se\/wp-content\/uploads\/sites\/6\/2020\/02\/VERTEXlogo_with_margins.jpg","width":1400,"height":500,"caption":"Vertex Systems"},"image":{"@id":"https:\/\/vertexcad.com\/se\/#logo"}},{"@type":"WebSite","@id":"https:\/\/vertexcad.com\/se\/#website","url":"https:\/\/vertexcad.com\/se\/","name":"Vertex BD Software Sverige","description":"Vertex BD - Ledande BIM Mjukvara f\u00f6r Tr\u00e4husindustrin","publisher":{"@id":"https:\/\/vertexcad.com\/se\/#organization"},"potentialAction":[{"@type":"SearchAction","target":{"@type":"EntryPoint","urlTemplate":"https:\/\/vertexcad.com\/se\/?s={search_term_string}"},"query-input":"required name=search_term_string"}],"inLanguage":"en-US"},{"@type":"WebPage","@id":"https:\/\/vertexcad.com\/se\/kontakta-oss\/#webpage","url":"https:\/\/vertexcad.com\/se\/kontakta-oss\/","name":"Kontakta oss - Vertex BD Software Sverige","isPartOf":{"@id":"https:\/\/vertexcad.com\/se\/#website"},"datePublished":"2019-10-16T07:50:55+00:00","dateModified":"2026-01-16T09:44:29+00:00","description":"Vertex BD - BIM-mjukvara f\u00f6r byggindustrin","breadcrumb":{"@id":"https:\/\/vertexcad.com\/se\/kontakta-oss\/#breadcrumb"},"inLanguage":"en-US","potentialAction":[{"@type":"ReadAction","target":["https:\/\/vertexcad.com\/se\/kontakta-oss\/"]}]},{"@type":"BreadcrumbList","@id":"https:\/\/vertexcad.com\/se\/kontakta-oss\/#breadcrumb","itemListElement":[{"@type":"ListItem","position":1,"name":"Home","item":"https:\/\/vertexcad.com\/se\/"},{"@type":"ListItem","position":2,"name":"Kontakta oss"}]}]}},"_links":{"self":[{"href":"https:\/\/vertexcad.com\/se\/wp-json\/wp\/v2\/pages\/74"}],"collection":[{"href":"https:\/\/vertexcad.com\/se\/wp-json\/wp\/v2\/pages"}],"about":[{"href":"https:\/\/vertexcad.com\/se\/wp-json\/wp\/v2\/types\/page"}],"author":[{"embeddable":true,"href":"https:\/\/vertexcad.com\/se\/wp-json\/wp\/v2\/users\/2"}],"replies":[{"embeddable":true,"href":"https:\/\/vertexcad.com\/se\/wp-json\/wp\/v2\/comments?post=74"}],"version-history":[{"count":39,"href":"https:\/\/vertexcad.com\/se\/wp-json\/wp\/v2\/pages\/74\/revisions"}],"predecessor-version":[{"id":10804,"href":"https:\/\/vertexcad.com\/se\/wp-json\/wp\/v2\/pages\/74\/revisions\/10804"}],"wp:attachment":[{"href":"https:\/\/vertexcad.com\/se\/wp-json\/wp\/v2\/media?parent=74"}],"curies":[{"name":"wp","href":"https:\/\/api.w.org\/{rel}","templated":true}]}}