{"id":849,"date":"2020-06-09T08:14:19","date_gmt":"2020-06-09T07:14:19","guid":{"rendered":"https:\/\/vertexcad.com\/se\/?page_id=849"},"modified":"2024-09-23T06:42:13","modified_gmt":"2024-09-23T05:42:13","slug":"vizconfigurator","status":"publish","type":"page","link":"https:\/\/vertexcad.com\/se\/vizconfigurator\/","title":{"rendered":"Vizconfigurator"},"content":{"rendered":"<p>[et_pb_section fb_built=&#8221;1&#8243; admin_label=&#8221;Hero&#8221; _builder_version=&#8221;4.16&#8243; use_background_color_gradient=&#8221;on&#8221; background_color_gradient_type=&#8221;circular&#8221; background_color_gradient_direction_radial=&#8221;top left&#8221; background_color_gradient_stops=&#8221;rgba(40,40,40,0.77) 0%|rgba(40,40,40,0.81) 100%&#8221; background_color_gradient_overlays_image=&#8221;on&#8221; background_color_gradient_start=&#8221;rgba(40,40,40,0.77)&#8221; background_color_gradient_end=&#8221;rgba(40,40,40,0.81)&#8221; background_image=&#8221;https:\/\/vertexcad.com\/se\/wp-content\/uploads\/sites\/6\/2021\/06\/talokonfiguraattori1.png&#8221; background_blend=&#8221;lighten&#8221; custom_margin=&#8221;0px||||false&#8221; custom_margin_tablet=&#8221;&#8221; custom_margin_phone=&#8221;0px||&#8221; custom_margin_last_edited=&#8221;on|desktop&#8221; custom_padding=&#8221;10vw||10vw||true|false&#8221; global_colors_info=&#8221;{}&#8221;][et_pb_row column_structure=&#8221;2_3,1_3&#8243; _builder_version=&#8221;4.16&#8243; background_color=&#8221;rgba(0,0,0,0.4)&#8221; custom_padding=&#8221;16px|24px|16px|24px|false|false&#8221; global_colors_info=&#8221;{}&#8221;][et_pb_column type=&#8221;2_3&#8243; _builder_version=&#8221;4.16&#8243; custom_padding=&#8221;|||&#8221; global_colors_info=&#8221;{}&#8221; custom_padding__hover=&#8221;|||&#8221;][et_pb_text _builder_version=&#8221;4.16&#8243; text_font=&#8221;||||||||&#8221; header_font=&#8221;Rubik|700|||||||&#8221; header_font_size=&#8221;50px&#8221; header_line_height=&#8221;1.1em&#8221; background_layout=&#8221;dark&#8221; max_width=&#8221;800px&#8221; custom_margin=&#8221;||0px|&#8221; custom_padding=&#8221;10px||6px|16px|false|false&#8221; text_font_size_tablet=&#8221;14px&#8221; text_font_size_last_edited=&#8221;off|desktop&#8221; header_font_size_tablet=&#8221;44px&#8221; header_font_size_phone=&#8221;25px&#8221; header_font_size_last_edited=&#8221;on|desktop&#8221; border_color_all=&#8221;#fdb315&#8243; border_width_left=&#8221;10px&#8221; global_colors_info=&#8221;{}&#8221;]<\/p>\n<h1><span style=\"color: #ffffff;\">Wisibel<\/span><\/h1>\n<p>[\/et_pb_text][et_pb_text _builder_version=&#8221;4.16&#8243; text_font=&#8221;||||||||&#8221; text_font_size=&#8221;16px&#8221; text_line_height=&#8221;1.6em&#8221; header_font=&#8221;||||||||&#8221; background_layout=&#8221;dark&#8221; max_width=&#8221;800px&#8221; custom_margin=&#8221;15px|||28px|false|false&#8221; custom_padding=&#8221;0px||0px||true|&#8221; text_font_size_tablet=&#8221;16px&#8221; text_font_size_phone=&#8221;14px&#8221; text_font_size_last_edited=&#8221;on|desktop&#8221; header_2_font_size_tablet=&#8221;&#8221; header_2_font_size_phone=&#8221;21px&#8221; header_2_font_size_last_edited=&#8221;on|phone&#8221; global_colors_info=&#8221;{}&#8221;]<\/p>\n<h3 class=\"et_pb_module_header et-fb-editable-element et-fb-editable-element__editing\" data-shortcode-id=\"0.0-1605787173876\" data-quickaccess-id=\"title\">Wisibel \u00e4r en online plattform som g\u00f6r det m\u00f6jligt f\u00f6r husproducenter att s\u00e4lja hus online. Med Wisibel kan husk\u00f6pare bekv\u00e4mt g\u00f6ra sina val och anpassa sitt hem online, p\u00e5 bara n\u00e5gra f\u00e5 steg.<\/h3>\n<p>[\/et_pb_text][\/et_pb_column][et_pb_column type=&#8221;1_3&#8243; _builder_version=&#8221;4.16&#8243; custom_padding=&#8221;|||&#8221; global_colors_info=&#8221;{}&#8221; custom_padding__hover=&#8221;|||&#8221;][et_pb_text ul_type=&#8221;none&#8221; ul_item_indent=&#8221;3px&#8221; _builder_version=&#8221;4.16&#8243; text_font=&#8221;||||||||&#8221; text_font_size=&#8221;16px&#8221; text_line_height=&#8221;1.8em&#8221; ul_font=&#8221;Arimo||||||||&#8221; ul_font_size=&#8221;16px&#8221; ul_line_height=&#8221;2em&#8221; header_font=&#8221;||||||||&#8221; header_font_size=&#8221;23px&#8221; background_layout=&#8221;dark&#8221; custom_margin=&#8221;|||&#8221; custom_margin_last_edited=&#8221;off|desktop&#8221; text_font_size_tablet=&#8221;&#8221; text_font_size_phone=&#8221;16px&#8221; text_font_size_last_edited=&#8221;on|phone&#8221; locked=&#8221;off&#8221; global_colors_info=&#8221;{}&#8221;]<\/p>\n<ul>\n<li><strong>Partner Produkt<\/strong><\/li>\n<\/ul>\n<p>[\/et_pb_text][\/et_pb_column][\/et_pb_row][\/et_pb_section][et_pb_section fb_built=&#8221;1&#8243; admin_label=&#8221;Project Details&#8221; _builder_version=&#8221;4.16&#8243; custom_padding=&#8221;5px||5px||true&#8221; global_colors_info=&#8221;{}&#8221;][et_pb_row column_structure=&#8221;2_3,1_3&#8243; _builder_version=&#8221;4.16&#8243; global_colors_info=&#8221;{}&#8221;][et_pb_column type=&#8221;2_3&#8243; _builder_version=&#8221;4.16&#8243; custom_padding=&#8221;|||&#8221; global_colors_info=&#8221;{}&#8221; custom_padding__hover=&#8221;|||&#8221;][et_pb_code _builder_version=&#8221;4.19.5&#8243; _module_preset=&#8221;default&#8221; global_colors_info=&#8221;{}&#8221;]<iframe loading=\"lazy\" width=\"560\" height=\"315\" src=\"https:\/\/www.youtube-nocookie.com\/embed\/IJQEP3wF2DM?si=RtpN9_yw6kGgo8Xl\" title=\"YouTube video player\" frameborder=\"0\" allow=\"accelerometer; autoplay; clipboard-write; encrypted-media; gyroscope; picture-in-picture; web-share\" allowfullscreen><\/iframe>[\/et_pb_code][et_pb_text _builder_version=&#8221;4.16&#8243; text_font=&#8221;||||||||&#8221; text_font_size=&#8221;15px&#8221; text_line_height=&#8221;1.8em&#8221; custom_padding=&#8221;|||&#8221; custom_padding_tablet=&#8221;|40px||40px||true&#8221; custom_padding_last_edited=&#8221;off|desktop&#8221; locked=&#8221;off&#8221; global_colors_info=&#8221;{}&#8221;]<\/p>\n<p>Wisibel \u00e4r en plattform som g\u00f6r det m\u00f6jligt f\u00f6r husk\u00f6pare att skr\u00e4ddarsy sitt framtida hem i 3D genom att endast anv\u00e4nda sig av en webbl\u00e4sare.<\/p>\n<p>Kommunikationen mellan Vertex BD och Wisibel \u00e4r helt automatiserad &#8211; automatisk skapas en 3D-konfigurator fr\u00e5n CAD-modellen byggd i Vertex BD. Wisibel kan installeras och kundanpassas p\u00e5 alla hemsidor och arbetar s\u00f6ml\u00f6st med Vertex BD fr\u00e5n b\u00f6rjan till slut. Detta sparar tid, arbetstimmar och i slut\u00e4ndan pengar.<\/p>\n<p>Wisibel har ett flertal olika funktioner, som alla syftar till att koppla samman produktion och f\u00f6rs\u00e4ljning av byggnader. Tillsammans med ett vackert och interagerande gr\u00e4nssnitt kan anv\u00e4ndaren zooma, rotera, och personligen p\u00e5verka sitt framtida hus eller l\u00e4genhet.<\/p>\n<p>[\/et_pb_text][et_pb_text _builder_version=&#8221;4.16&#8243; text_font=&#8221;||||||||&#8221; text_font_size=&#8221;15px&#8221; text_line_height=&#8221;1.8em&#8221; custom_padding=&#8221;|||&#8221; custom_padding_tablet=&#8221;|40px||40px||true&#8221; custom_padding_last_edited=&#8221;off|desktop&#8221; locked=&#8221;off&#8221; global_colors_info=&#8221;{}&#8221;]<b>F\u00f6rdelar:<\/b><\/p>\n<ul>\n<li>Konfigurera unika hus online<\/li>\n<li>L\u00e4tt att installera, h\u00f6g automation<\/li>\n<li>Interagera och kommunicera med kunder<\/li>\n<li>Mycket anv\u00e4ndarv\u00e4nlig<\/li>\n<li>Webbaserad<\/li>\n<li>Administrerar tillval<\/li>\n<li>Kundprofiler<\/li>\n<\/ul>\n<p>[\/et_pb_text][et_pb_text _builder_version=&#8221;4.16&#8243; text_font=&#8221;||||||||&#8221; text_font_size=&#8221;15px&#8221; text_line_height=&#8221;1.8em&#8221; custom_padding=&#8221;|||&#8221; custom_padding_tablet=&#8221;|40px||40px||true&#8221; custom_padding_last_edited=&#8221;off|desktop&#8221; locked=&#8221;off&#8221; global_colors_info=&#8221;{}&#8221;]<\/p>\n<p><b>Funktioner:<\/b><\/p>\n<p><i>Bygg online<\/i><br \/>3D konfigurator p\u00e5 er hemsida baserad p\u00e5 er huskatalog<\/p>\n<p><img loading=\"lazy\" class=\"wp-image-6979 alignnone size-full\" alt=\"\" src=\"https:\/\/vertexcad.com\/se\/wp-content\/uploads\/sites\/6\/2020\/06\/Bygg-online-3.png\" width=\"2253\" height=\"1285\" \/><\/p>\n<p><em>S\u00e4ljst\u00f6d<\/em><\/p>\n<p>Skicka era kundunika hus fr\u00e5n Vertex BD till Wisibel, d\u00e4refter kan kunden i lugn och ro sitta hemma med datorn och v\u00e4lja blandare, takkul\u00f6r, ytterd\u00f6rr och s\u00e5 vidare. Total insyn i husets alla detaljer f\u00f6r k\u00f6paren och en administrativ dr\u00f6m f\u00f6r s\u00e4ljaren.<\/p>\n<p><img loading=\"lazy\" class=\"wp-image-6976 alignnone size-full\" alt=\"\" src=\"https:\/\/vertexcad.com\/se\/wp-content\/uploads\/sites\/6\/2020\/06\/Sales-support-3.png\" width=\"1919\" height=\"933\" \/><\/p>\n<p><em>HusHub<\/em><br \/>Dela dokument och grafisk information om ett p\u00e5g\u00e5ende byggprojekt. Konstruktionsdokument och visualisering p\u00e5 ett och samma st\u00e4lle.<\/p>\n<p><img loading=\"lazy\" class=\"wp-image-6977 alignnone size-full\" alt=\"\" src=\"https:\/\/vertexcad.com\/se\/wp-content\/uploads\/sites\/6\/2020\/06\/Hushub-2.png\" width=\"2253\" height=\"1295\" \/><\/p>\n<p><i>Tillvalsportal<\/i><\/p>\n<p>Bostadsv\u00e4ljare och tillvalsv\u00e4ljare i en och samma produkt, med full automation! Helt unik i sitt slag och l\u00e4mpar sig till de st\u00f6rre bostadsprojekten, b\u00e5de den interna administrationen och kommunikationen ut mot kund kan inte bli enklare \u00e4n s\u00e5 h\u00e4r.<\/p>\n<p><img loading=\"lazy\" class=\"wp-image-6978 alignnone size-full\" alt=\"\" src=\"https:\/\/vertexcad.com\/se\/wp-content\/uploads\/sites\/6\/2020\/06\/Tillvalsportal-2.png\" width=\"2253\" height=\"1285\" \/><\/p>\n<p>[\/et_pb_text][et_pb_text _builder_version=&#8221;4.16&#8243; text_font=&#8221;||||||||&#8221; text_font_size=&#8221;15px&#8221; text_line_height=&#8221;1.8em&#8221; custom_padding=&#8221;|||&#8221; custom_padding_tablet=&#8221;|40px||40px||true&#8221; custom_padding_last_edited=&#8221;off|desktop&#8221; locked=&#8221;off&#8221; global_colors_info=&#8221;{}&#8221;]<\/p>\n<p><b>S\u00e5 funkar det:<\/b><\/p>\n<p>Vizcon installerar er f\u00f6retagsprofil inneh\u00e5llande ert f\u00f6retags grafiska utseende och de tillval ni erbjuder kunden. 3D <a href=\"https:\/\/vertexcad.com\/se\/cad-program\/\">CAD<\/a>-modeller \u00f6verf\u00f6rs fr\u00e5n <a href=\"https:\/\/vertexcad.com\/se\/\">Vertex BD<\/a> till Vertex Showroom och kopplas d\u00e4refter samman med Wisibel plattform. Era inst\u00e4llningar appliceras d\u00e4refter till de automatiskt genererade konfigurationerna. N\u00e4r konfiguarationen v\u00e4l \u00e4r tillg\u00e4nglig online, kan kunden skapa hus\/l\u00e4genhetskonfigurationer online och skicka dem till er. Kunden f\u00e5r d\u00e5 ett email med en PDF av deras val samt en l\u00e4nk till deras framtida hem.<\/p>\n<p>[\/et_pb_text][\/et_pb_column][et_pb_column type=&#8221;1_3&#8243; _builder_version=&#8221;4.16&#8243; background_enable_color=&#8221;off&#8221; custom_padding=&#8221;|||&#8221; global_colors_info=&#8221;{}&#8221; custom_padding__hover=&#8221;|||&#8221;][et_pb_text _builder_version=&#8221;4.16&#8243; global_colors_info=&#8221;{}&#8221;]<\/p>\n<p><strong>Live Demo:<\/strong><\/p>\n<p><a href=\"https:\/\/wisibel.com\/c\/vertex\/villavertex\" target=\"_blank\" rel=\"noopener noreferrer\">Prova sj\u00e4lv<\/a>.<\/p>\n<p>[\/et_pb_text][et_pb_text _builder_version=&#8221;4.16&#8243; global_colors_info=&#8221;{}&#8221;]<strong>Systemkrav:<\/strong><\/p>\n<p><a href=\"https:\/\/vertexcad.com\/bd\/buy\/\">Vertex BD<\/a> version 2020 eller nyare.<br \/>\n<a href=\"https:\/\/showroom.vertex.fi\/pricing.html\">Vertex Showroom Business<\/a> prenumeration.<br \/>\n[\/et_pb_text][et_pb_text _builder_version=&#8221;4.16&#8243; global_colors_info=&#8221;{}&#8221;]<strong>Support:<\/strong><\/p>\n<p>Vizcon<br \/>\nTel: +46 73-20 35 995<br \/>\nEmail: info@vizcon.se<br \/>\n[\/et_pb_text][\/et_pb_column][\/et_pb_row][et_pb_row _builder_version=&#8221;4.16&#8243; global_colors_info=&#8221;{}&#8221;][et_pb_column type=&#8221;4_4&#8243; _builder_version=&#8221;4.16&#8243; global_colors_info=&#8221;{}&#8221;][et_pb_text _builder_version=&#8221;4.16&#8243; global_colors_info=&#8221;{}&#8221;][\/et_pb_text][\/et_pb_column][\/et_pb_row][\/et_pb_section]<\/p>\n","protected":false},"excerpt":{"rendered":"<p>WisibelWisibel \u00e4r en online plattform som g\u00f6r det m\u00f6jligt f\u00f6r husproducenter att s\u00e4lja hus online. Med Wisibel kan husk\u00f6pare bekv\u00e4mt g\u00f6ra sina val och anpassa sitt hem online, p\u00e5 bara n\u00e5gra f\u00e5 steg. Partner Produkt Wisibel \u00e4r en plattform som g\u00f6r det m\u00f6jligt f\u00f6r husk\u00f6pare att skr\u00e4ddarsy sitt framtida hem i 3D genom att endast [&hellip;]<\/p>\n","protected":false},"author":2,"featured_media":0,"parent":0,"menu_order":0,"comment_status":"closed","ping_status":"closed","template":"","meta":{"_et_pb_use_builder":"on","_et_pb_old_content":"","_et_gb_content_width":""},"yoast_head":"<!-- This site is optimized with the Yoast SEO plugin v18.6 - https:\/\/yoast.com\/wordpress\/plugins\/seo\/ -->\n<title>Wisibel -s\u00e4lja hus online - Vertex BD<\/title>\n<meta name=\"description\" content=\"Vizconfigurator \u00e4r en online plattform som g\u00f6r det m\u00f6jligt f\u00f6r husproducenter att s\u00e4lja hus online. L\u00e4s mer h\u00e4r! - Vertex BD\" \/>\n<meta name=\"robots\" content=\"index, follow, max-snippet:-1, max-image-preview:large, max-video-preview:-1\" \/>\n<link rel=\"canonical\" href=\"https:\/\/vertexcad.com\/se\/vizconfigurator\/\" \/>\n<meta property=\"og:locale\" content=\"en_US\" \/>\n<meta property=\"og:type\" content=\"article\" \/>\n<meta property=\"og:title\" content=\"Wisibel -s\u00e4lja hus online - Vertex BD\" \/>\n<meta property=\"og:description\" content=\"Vizconfigurator \u00e4r en online plattform som g\u00f6r det m\u00f6jligt f\u00f6r husproducenter att s\u00e4lja hus online. L\u00e4s mer h\u00e4r! - Vertex BD\" \/>\n<meta property=\"og:url\" content=\"https:\/\/vertexcad.com\/se\/vizconfigurator\/\" \/>\n<meta property=\"og:site_name\" content=\"Vertex BD Software Sverige\" \/>\n<meta property=\"article:publisher\" content=\"http:\/\/www.facebook.com\/VertexSystemsInternational\" \/>\n<meta property=\"article:modified_time\" content=\"2024-09-23T05:42:13+00:00\" \/>\n<meta property=\"og:image\" content=\"https:\/\/vertexcad.com\/se\/wp-content\/uploads\/sites\/6\/2020\/06\/Bygg-online-3.png\" \/>\n<meta name=\"twitter:card\" content=\"summary_large_image\" \/>\n<meta name=\"twitter:site\" content=\"@VertexSysIntl\" \/>\n<meta name=\"twitter:label1\" content=\"Est. reading time\" \/>\n\t<meta name=\"twitter:data1\" content=\"6 minutes\" \/>\n<script type=\"application\/ld+json\" class=\"yoast-schema-graph\">{\"@context\":\"https:\/\/schema.org\",\"@graph\":[{\"@type\":\"Organization\",\"@id\":\"https:\/\/vertexcad.com\/se\/#organization\",\"name\":\"Vertex Systems\",\"url\":\"https:\/\/vertexcad.com\/se\/\",\"sameAs\":[\"http:\/\/www.facebook.com\/VertexSystemsInternational\",\"https:\/\/www.linkedin.com\/company\/vertexsystemssweden\/\",\"https:\/\/www.youtube.com\/c\/VertexBDBuildingDesignSoftware\",\"https:\/\/twitter.com\/VertexSysIntl\"],\"logo\":{\"@type\":\"ImageObject\",\"@id\":\"https:\/\/vertexcad.com\/se\/#logo\",\"inLanguage\":\"en-US\",\"url\":\"https:\/\/vertexcad.com\/se\/wp-content\/uploads\/sites\/6\/2020\/02\/VERTEXlogo_with_margins.jpg\",\"contentUrl\":\"https:\/\/vertexcad.com\/se\/wp-content\/uploads\/sites\/6\/2020\/02\/VERTEXlogo_with_margins.jpg\",\"width\":1400,\"height\":500,\"caption\":\"Vertex Systems\"},\"image\":{\"@id\":\"https:\/\/vertexcad.com\/se\/#logo\"}},{\"@type\":\"WebSite\",\"@id\":\"https:\/\/vertexcad.com\/se\/#website\",\"url\":\"https:\/\/vertexcad.com\/se\/\",\"name\":\"Vertex BD Software Sverige\",\"description\":\"Vertex BD - Ledande BIM Mjukvara f\u00f6r Tr\u00e4husindustrin\",\"publisher\":{\"@id\":\"https:\/\/vertexcad.com\/se\/#organization\"},\"potentialAction\":[{\"@type\":\"SearchAction\",\"target\":{\"@type\":\"EntryPoint\",\"urlTemplate\":\"https:\/\/vertexcad.com\/se\/?s={search_term_string}\"},\"query-input\":\"required name=search_term_string\"}],\"inLanguage\":\"en-US\"},{\"@type\":\"ImageObject\",\"@id\":\"https:\/\/vertexcad.com\/se\/vizconfigurator\/#primaryimage\",\"inLanguage\":\"en-US\",\"url\":\"https:\/\/vertexcad.com\/se\/wp-content\/uploads\/sites\/6\/2020\/06\/Bygg-online-3.png\",\"contentUrl\":\"https:\/\/vertexcad.com\/se\/wp-content\/uploads\/sites\/6\/2020\/06\/Bygg-online-3.png\",\"width\":2253,\"height\":1285},{\"@type\":\"WebPage\",\"@id\":\"https:\/\/vertexcad.com\/se\/vizconfigurator\/#webpage\",\"url\":\"https:\/\/vertexcad.com\/se\/vizconfigurator\/\",\"name\":\"Wisibel -s\u00e4lja hus online - Vertex BD\",\"isPartOf\":{\"@id\":\"https:\/\/vertexcad.com\/se\/#website\"},\"primaryImageOfPage\":{\"@id\":\"https:\/\/vertexcad.com\/se\/vizconfigurator\/#primaryimage\"},\"datePublished\":\"2020-06-09T07:14:19+00:00\",\"dateModified\":\"2024-09-23T05:42:13+00:00\",\"description\":\"Vizconfigurator \u00e4r en online plattform som g\u00f6r det m\u00f6jligt f\u00f6r husproducenter att s\u00e4lja hus online. L\u00e4s mer h\u00e4r! - Vertex BD\",\"breadcrumb\":{\"@id\":\"https:\/\/vertexcad.com\/se\/vizconfigurator\/#breadcrumb\"},\"inLanguage\":\"en-US\",\"potentialAction\":[{\"@type\":\"ReadAction\",\"target\":[\"https:\/\/vertexcad.com\/se\/vizconfigurator\/\"]}]},{\"@type\":\"BreadcrumbList\",\"@id\":\"https:\/\/vertexcad.com\/se\/vizconfigurator\/#breadcrumb\",\"itemListElement\":[{\"@type\":\"ListItem\",\"position\":1,\"name\":\"Home\",\"item\":\"https:\/\/vertexcad.com\/se\/\"},{\"@type\":\"ListItem\",\"position\":2,\"name\":\"Vizconfigurator\"}]}]}<\/script>\n<!-- \/ Yoast SEO plugin. -->","yoast_head_json":{"title":"Wisibel -s\u00e4lja hus online - Vertex BD","description":"Vizconfigurator \u00e4r en online plattform som g\u00f6r det m\u00f6jligt f\u00f6r husproducenter att s\u00e4lja hus online. L\u00e4s mer h\u00e4r! - Vertex BD","robots":{"index":"index","follow":"follow","max-snippet":"max-snippet:-1","max-image-preview":"max-image-preview:large","max-video-preview":"max-video-preview:-1"},"canonical":"https:\/\/vertexcad.com\/se\/vizconfigurator\/","og_locale":"en_US","og_type":"article","og_title":"Wisibel -s\u00e4lja hus online - Vertex BD","og_description":"Vizconfigurator \u00e4r en online plattform som g\u00f6r det m\u00f6jligt f\u00f6r husproducenter att s\u00e4lja hus online. L\u00e4s mer h\u00e4r! - Vertex BD","og_url":"https:\/\/vertexcad.com\/se\/vizconfigurator\/","og_site_name":"Vertex BD Software Sverige","article_publisher":"http:\/\/www.facebook.com\/VertexSystemsInternational","article_modified_time":"2024-09-23T05:42:13+00:00","og_image":[{"url":"https:\/\/vertexcad.com\/se\/wp-content\/uploads\/sites\/6\/2020\/06\/Bygg-online-3.png"}],"twitter_card":"summary_large_image","twitter_site":"@VertexSysIntl","twitter_misc":{"Est. reading time":"6 minutes"},"schema":{"@context":"https:\/\/schema.org","@graph":[{"@type":"Organization","@id":"https:\/\/vertexcad.com\/se\/#organization","name":"Vertex Systems","url":"https:\/\/vertexcad.com\/se\/","sameAs":["http:\/\/www.facebook.com\/VertexSystemsInternational","https:\/\/www.linkedin.com\/company\/vertexsystemssweden\/","https:\/\/www.youtube.com\/c\/VertexBDBuildingDesignSoftware","https:\/\/twitter.com\/VertexSysIntl"],"logo":{"@type":"ImageObject","@id":"https:\/\/vertexcad.com\/se\/#logo","inLanguage":"en-US","url":"https:\/\/vertexcad.com\/se\/wp-content\/uploads\/sites\/6\/2020\/02\/VERTEXlogo_with_margins.jpg","contentUrl":"https:\/\/vertexcad.com\/se\/wp-content\/uploads\/sites\/6\/2020\/02\/VERTEXlogo_with_margins.jpg","width":1400,"height":500,"caption":"Vertex Systems"},"image":{"@id":"https:\/\/vertexcad.com\/se\/#logo"}},{"@type":"WebSite","@id":"https:\/\/vertexcad.com\/se\/#website","url":"https:\/\/vertexcad.com\/se\/","name":"Vertex BD Software Sverige","description":"Vertex BD - Ledande BIM Mjukvara f\u00f6r Tr\u00e4husindustrin","publisher":{"@id":"https:\/\/vertexcad.com\/se\/#organization"},"potentialAction":[{"@type":"SearchAction","target":{"@type":"EntryPoint","urlTemplate":"https:\/\/vertexcad.com\/se\/?s={search_term_string}"},"query-input":"required name=search_term_string"}],"inLanguage":"en-US"},{"@type":"ImageObject","@id":"https:\/\/vertexcad.com\/se\/vizconfigurator\/#primaryimage","inLanguage":"en-US","url":"https:\/\/vertexcad.com\/se\/wp-content\/uploads\/sites\/6\/2020\/06\/Bygg-online-3.png","contentUrl":"https:\/\/vertexcad.com\/se\/wp-content\/uploads\/sites\/6\/2020\/06\/Bygg-online-3.png","width":2253,"height":1285},{"@type":"WebPage","@id":"https:\/\/vertexcad.com\/se\/vizconfigurator\/#webpage","url":"https:\/\/vertexcad.com\/se\/vizconfigurator\/","name":"Wisibel -s\u00e4lja hus online - Vertex BD","isPartOf":{"@id":"https:\/\/vertexcad.com\/se\/#website"},"primaryImageOfPage":{"@id":"https:\/\/vertexcad.com\/se\/vizconfigurator\/#primaryimage"},"datePublished":"2020-06-09T07:14:19+00:00","dateModified":"2024-09-23T05:42:13+00:00","description":"Vizconfigurator \u00e4r en online plattform som g\u00f6r det m\u00f6jligt f\u00f6r husproducenter att s\u00e4lja hus online. L\u00e4s mer h\u00e4r! - Vertex BD","breadcrumb":{"@id":"https:\/\/vertexcad.com\/se\/vizconfigurator\/#breadcrumb"},"inLanguage":"en-US","potentialAction":[{"@type":"ReadAction","target":["https:\/\/vertexcad.com\/se\/vizconfigurator\/"]}]},{"@type":"BreadcrumbList","@id":"https:\/\/vertexcad.com\/se\/vizconfigurator\/#breadcrumb","itemListElement":[{"@type":"ListItem","position":1,"name":"Home","item":"https:\/\/vertexcad.com\/se\/"},{"@type":"ListItem","position":2,"name":"Vizconfigurator"}]}]}},"_links":{"self":[{"href":"https:\/\/vertexcad.com\/se\/wp-json\/wp\/v2\/pages\/849"}],"collection":[{"href":"https:\/\/vertexcad.com\/se\/wp-json\/wp\/v2\/pages"}],"about":[{"href":"https:\/\/vertexcad.com\/se\/wp-json\/wp\/v2\/types\/page"}],"author":[{"embeddable":true,"href":"https:\/\/vertexcad.com\/se\/wp-json\/wp\/v2\/users\/2"}],"replies":[{"embeddable":true,"href":"https:\/\/vertexcad.com\/se\/wp-json\/wp\/v2\/comments?post=849"}],"version-history":[{"count":34,"href":"https:\/\/vertexcad.com\/se\/wp-json\/wp\/v2\/pages\/849\/revisions"}],"predecessor-version":[{"id":10728,"href":"https:\/\/vertexcad.com\/se\/wp-json\/wp\/v2\/pages\/849\/revisions\/10728"}],"wp:attachment":[{"href":"https:\/\/vertexcad.com\/se\/wp-json\/wp\/v2\/media?parent=849"}],"curies":[{"name":"wp","href":"https:\/\/api.w.org\/{rel}","templated":true}]}}